{"id":4747,"date":"2024-11-14T11:10:13","date_gmt":"2024-11-14T11:10:13","guid":{"rendered":"https:\/\/funparkmenina.com\/product\/mini-adrenalin-park-jahrekarte\/"},"modified":"2024-12-31T10:37:04","modified_gmt":"2024-12-31T10:37:04","slug":"mini-adrenalin-park-jahrekarte","status":"publish","type":"product","link":"https:\/\/funparkmenina.com\/de\/produkt\/mini-adrenalin-park-jahrekarte\/","title":{"rendered":"Mini adrenalinpark &#8211; jahrekarte"},"content":{"rendered":"<p>Der Kinder-Adrenalinpark ist ein wahres Paradies f\u00fcr kleine Abenteurer voller Spa\u00df, Herausforderungen und Spannung. Der Park bietet Kindern alles, was sie f\u00fcr ein sicheres, aber spannendes Erlebnis brauchen.<\/p>\n<p>Im Kinder-Adrenalinpark finden Kinder Kletterw\u00e4nde, H\u00e4ngebr\u00fccken, Netze und andere Attraktionen, die ihre Geschicklichkeit, ihr Gleichgewicht und ihren Mut f\u00f6rdern. Jedes Hindernis ist f\u00fcr Kinder angepasst, damit sie es selbstbewusst bew\u00e4ltigen und ihre Grenzen \u00fcberwinden k\u00f6nnen.<\/p>\n<p>Alter: 2-6 jahre<\/p>\n","protected":false},"excerpt":{"rendered":"<p>Der Kinder-Adrenalinpark ist ein wahres Paradies f\u00fcr kleine Abenteurer voller Spa\u00df, Herausforderungen und Spannung. Der Park bietet Kindern alles, was sie f\u00fcr ein sicheres, aber spannendes Erlebnis brauchen. Im Kinder-Adrenalinpark finden Kinder Kletterw\u00e4nde, H\u00e4ngebr\u00fccken, Netze und andere Attraktionen, die ihre Geschicklichkeit, ihr Gleichgewicht und ihren Mut f\u00f6rdern. Jedes Hindernis ist f\u00fcr Kinder angepasst, damit sie [&hellip;]<\/p>\n","protected":false},"featured_media":4393,"comment_status":"closed","ping_status":"closed","template":"","meta":[],"product_brand":[],"product_cat":[87],"product_tag":[],"class_list":{"0":"post-4747","1":"product","2":"type-product","3":"status-publish","4":"has-post-thumbnail","6":"product_cat-geschenkgutscheinei","8":"first","9":"instock","10":"virtual","11":"purchasable","12":"product-type-simple"},"yoast_head":"<!-- This site is optimized with the Yoast SEO plugin v27.0 - https:\/\/yoast.com\/product\/yoast-seo-wordpress\/ -->\n<title>Mini adrenalinpark - jahrekarte - Fun Park Menina<\/title>\n<meta name=\"description\" content=\"Der Mini-Adrenalinpark ist ein wahres Paradies f\u00fcr kleine Abenteurer voller Spa\u00df, Herausforderungen und Spannung. Der Park bietet Kindern alles, was sie brauchen, um sicher zu sein,...\" \/>\n<meta name=\"robots\" content=\"index, follow, max-snippet:-1, max-image-preview:large, max-video-preview:-1\" \/>\n<link rel=\"canonical\" href=\"https:\/\/funparkmenina.com\/produkt\/mini-adrenalinski-park-letna-karta\/\" \/>\n<meta property=\"og:locale\" content=\"de_DE\" \/>\n<meta property=\"og:type\" content=\"article\" \/>\n<meta property=\"og:title\" content=\"Mini adrenalinpark - jahrekarte - Fun Park Menina\" \/>\n<meta property=\"og:description\" content=\"Der Mini-Adrenalinpark ist ein wahres Paradies f\u00fcr kleine Abenteurer voller Spa\u00df, Herausforderungen und Spannung. Der Park bietet Kindern alles, was sie brauchen, um sicher zu sein,...\" \/>\n<meta property=\"og:url\" content=\"https:\/\/funparkmenina.com\/produkt\/mini-adrenalinski-park-letna-karta\/\" \/>\n<meta property=\"og:site_name\" content=\"Fun Park Menina\" \/>\n<meta property=\"article:publisher\" content=\"https:\/\/www.facebook.com\/campingmenina\" \/>\n<meta property=\"article:modified_time\" content=\"2024-12-31T10:37:04+00:00\" \/>\n<meta property=\"og:image\" content=\"https:\/\/funparkmenina.com\/wp-content\/uploads\/2024\/11\/fun_park_menina_logo.jpg\" \/>\n\t<meta property=\"og:image:width\" content=\"858\" \/>\n\t<meta property=\"og:image:height\" content=\"612\" \/>\n\t<meta property=\"og:image:type\" content=\"image\/jpeg\" \/>\n<meta name=\"twitter:card\" content=\"summary_large_image\" \/>\n<script type=\"application\/ld+json\" class=\"yoast-schema-graph\">{\"@context\":\"https:\/\/schema.org\",\"@graph\":[{\"@type\":\"WebPage\",\"@id\":\"https:\/\/funparkmenina.com\/produkt\/mini-adrenalinski-park-letna-karta\/\",\"url\":\"https:\/\/funparkmenina.com\/produkt\/mini-adrenalinski-park-letna-karta\/\",\"name\":\"Mini adrenalinpark - jahrekarte - Fun Park Menina\",\"isPartOf\":{\"@id\":\"https:\/\/funparkmenina.com\/#website\"},\"primaryImageOfPage\":{\"@id\":\"https:\/\/funparkmenina.com\/produkt\/mini-adrenalinski-park-letna-karta\/#primaryimage\"},\"image\":{\"@id\":\"https:\/\/funparkmenina.com\/produkt\/mini-adrenalinski-park-letna-karta\/#primaryimage\"},\"thumbnailUrl\":\"https:\/\/funparkmenina.com\/wp-content\/uploads\/2024\/11\/fun_park_menina_logo.jpg\",\"datePublished\":\"2024-11-14T11:10:13+00:00\",\"dateModified\":\"2024-12-31T10:37:04+00:00\",\"description\":\"Der Mini-Adrenalinpark ist ein wahres Paradies f\u00fcr kleine Abenteurer voller Spa\u00df, Herausforderungen und Spannung. Der Park bietet Kindern alles, was sie brauchen, um sicher zu sein,...\",\"breadcrumb\":{\"@id\":\"https:\/\/funparkmenina.com\/produkt\/mini-adrenalinski-park-letna-karta\/#breadcrumb\"},\"inLanguage\":\"de\",\"potentialAction\":[{\"@type\":\"ReadAction\",\"target\":[\"https:\/\/funparkmenina.com\/produkt\/mini-adrenalinski-park-letna-karta\/\"]}]},{\"@type\":\"ImageObject\",\"inLanguage\":\"de\",\"@id\":\"https:\/\/funparkmenina.com\/produkt\/mini-adrenalinski-park-letna-karta\/#primaryimage\",\"url\":\"https:\/\/funparkmenina.com\/wp-content\/uploads\/2024\/11\/fun_park_menina_logo.jpg\",\"contentUrl\":\"https:\/\/funparkmenina.com\/wp-content\/uploads\/2024\/11\/fun_park_menina_logo.jpg\",\"width\":858,\"height\":612,\"caption\":\"Funpark Menina logo\"},{\"@type\":\"BreadcrumbList\",\"@id\":\"https:\/\/funparkmenina.com\/produkt\/mini-adrenalinski-park-letna-karta\/#breadcrumb\",\"itemListElement\":[{\"@type\":\"ListItem\",\"position\":1,\"name\":\"Home\",\"item\":\"https:\/\/funparkmenina.com\/\"},{\"@type\":\"ListItem\",\"position\":2,\"name\":\"Shop\",\"item\":\"https:\/\/funparkmenina.com\/de\/shop\/\"},{\"@type\":\"ListItem\",\"position\":3,\"name\":\"Mini adrenalinpark &#8211; jahrekarte\"}]},{\"@type\":\"WebSite\",\"@id\":\"https:\/\/funparkmenina.com\/#website\",\"url\":\"https:\/\/funparkmenina.com\/\",\"name\":\"Fun Park Menina\",\"description\":\"\",\"publisher\":{\"@id\":\"https:\/\/funparkmenina.com\/#organization\"},\"potentialAction\":[{\"@type\":\"SearchAction\",\"target\":{\"@type\":\"EntryPoint\",\"urlTemplate\":\"https:\/\/funparkmenina.com\/?s={search_term_string}\"},\"query-input\":{\"@type\":\"PropertyValueSpecification\",\"valueRequired\":true,\"valueName\":\"search_term_string\"}}],\"inLanguage\":\"de\"},{\"@type\":\"Organization\",\"@id\":\"https:\/\/funparkmenina.com\/#organization\",\"name\":\"Fun Park Menina\",\"url\":\"https:\/\/funparkmenina.com\/\",\"logo\":{\"@type\":\"ImageObject\",\"inLanguage\":\"de\",\"@id\":\"https:\/\/funparkmenina.com\/#\/schema\/logo\/image\/\",\"url\":\"https:\/\/funparkmenina.com\/wp-content\/uploads\/2024\/04\/funParkMenina-logo.svg\",\"contentUrl\":\"https:\/\/funparkmenina.com\/wp-content\/uploads\/2024\/04\/funParkMenina-logo.svg\",\"width\":50,\"height\":35,\"caption\":\"Fun Park Menina\"},\"image\":{\"@id\":\"https:\/\/funparkmenina.com\/#\/schema\/logo\/image\/\"},\"sameAs\":[\"https:\/\/www.facebook.com\/campingmenina\",\"https:\/\/www.instagram.com\/campingmenina\/\",\"https:\/\/www.tripadvisor.com\/Hotel_Review-g3207627-d7153990-Reviews-Camping_Menina-Ljubno_Styria_Region.html?m=19905\",\"https:\/\/www.youtube.com\/channel\/UCwW3NXEpx6yvGZdbwv5P2yw\"]}]}<\/script>\n<!-- \/ Yoast SEO plugin. -->","yoast_head_json":{"title":"Mini adrenalinpark - jahrekarte - Fun Park Menina","description":"Der Mini-Adrenalinpark ist ein wahres Paradies f\u00fcr kleine Abenteurer voller Spa\u00df, Herausforderungen und Spannung. Der Park bietet Kindern alles, was sie brauchen, um sicher zu sein,...","robots":{"index":"index","follow":"follow","max-snippet":"max-snippet:-1","max-image-preview":"max-image-preview:large","max-video-preview":"max-video-preview:-1"},"canonical":"https:\/\/funparkmenina.com\/produkt\/mini-adrenalinski-park-letna-karta\/","og_locale":"de_DE","og_type":"article","og_title":"Mini adrenalinpark - jahrekarte - Fun Park Menina","og_description":"Der Mini-Adrenalinpark ist ein wahres Paradies f\u00fcr kleine Abenteurer voller Spa\u00df, Herausforderungen und Spannung. Der Park bietet Kindern alles, was sie brauchen, um sicher zu sein,...","og_url":"https:\/\/funparkmenina.com\/produkt\/mini-adrenalinski-park-letna-karta\/","og_site_name":"Fun Park Menina","article_publisher":"https:\/\/www.facebook.com\/campingmenina","article_modified_time":"2024-12-31T10:37:04+00:00","og_image":[{"width":858,"height":612,"url":"https:\/\/funparkmenina.com\/wp-content\/uploads\/2024\/11\/fun_park_menina_logo.jpg","type":"image\/jpeg"}],"twitter_card":"summary_large_image","schema":{"@context":"https:\/\/schema.org","@graph":[{"@type":"WebPage","@id":"https:\/\/funparkmenina.com\/produkt\/mini-adrenalinski-park-letna-karta\/","url":"https:\/\/funparkmenina.com\/produkt\/mini-adrenalinski-park-letna-karta\/","name":"Mini adrenalinpark - jahrekarte - Fun Park Menina","isPartOf":{"@id":"https:\/\/funparkmenina.com\/#website"},"primaryImageOfPage":{"@id":"https:\/\/funparkmenina.com\/produkt\/mini-adrenalinski-park-letna-karta\/#primaryimage"},"image":{"@id":"https:\/\/funparkmenina.com\/produkt\/mini-adrenalinski-park-letna-karta\/#primaryimage"},"thumbnailUrl":"https:\/\/funparkmenina.com\/wp-content\/uploads\/2024\/11\/fun_park_menina_logo.jpg","datePublished":"2024-11-14T11:10:13+00:00","dateModified":"2024-12-31T10:37:04+00:00","description":"Der Mini-Adrenalinpark ist ein wahres Paradies f\u00fcr kleine Abenteurer voller Spa\u00df, Herausforderungen und Spannung. Der Park bietet Kindern alles, was sie brauchen, um sicher zu sein,...","breadcrumb":{"@id":"https:\/\/funparkmenina.com\/produkt\/mini-adrenalinski-park-letna-karta\/#breadcrumb"},"inLanguage":"de","potentialAction":[{"@type":"ReadAction","target":["https:\/\/funparkmenina.com\/produkt\/mini-adrenalinski-park-letna-karta\/"]}]},{"@type":"ImageObject","inLanguage":"de","@id":"https:\/\/funparkmenina.com\/produkt\/mini-adrenalinski-park-letna-karta\/#primaryimage","url":"https:\/\/funparkmenina.com\/wp-content\/uploads\/2024\/11\/fun_park_menina_logo.jpg","contentUrl":"https:\/\/funparkmenina.com\/wp-content\/uploads\/2024\/11\/fun_park_menina_logo.jpg","width":858,"height":612,"caption":"Funpark Menina logo"},{"@type":"BreadcrumbList","@id":"https:\/\/funparkmenina.com\/produkt\/mini-adrenalinski-park-letna-karta\/#breadcrumb","itemListElement":[{"@type":"ListItem","position":1,"name":"Home","item":"https:\/\/funparkmenina.com\/"},{"@type":"ListItem","position":2,"name":"Shop","item":"https:\/\/funparkmenina.com\/de\/shop\/"},{"@type":"ListItem","position":3,"name":"Mini adrenalinpark &#8211; jahrekarte"}]},{"@type":"WebSite","@id":"https:\/\/funparkmenina.com\/#website","url":"https:\/\/funparkmenina.com\/","name":"Fun Park Menina","description":"","publisher":{"@id":"https:\/\/funparkmenina.com\/#organization"},"potentialAction":[{"@type":"SearchAction","target":{"@type":"EntryPoint","urlTemplate":"https:\/\/funparkmenina.com\/?s={search_term_string}"},"query-input":{"@type":"PropertyValueSpecification","valueRequired":true,"valueName":"search_term_string"}}],"inLanguage":"de"},{"@type":"Organization","@id":"https:\/\/funparkmenina.com\/#organization","name":"Fun Park Menina","url":"https:\/\/funparkmenina.com\/","logo":{"@type":"ImageObject","inLanguage":"de","@id":"https:\/\/funparkmenina.com\/#\/schema\/logo\/image\/","url":"https:\/\/funparkmenina.com\/wp-content\/uploads\/2024\/04\/funParkMenina-logo.svg","contentUrl":"https:\/\/funparkmenina.com\/wp-content\/uploads\/2024\/04\/funParkMenina-logo.svg","width":50,"height":35,"caption":"Fun Park Menina"},"image":{"@id":"https:\/\/funparkmenina.com\/#\/schema\/logo\/image\/"},"sameAs":["https:\/\/www.facebook.com\/campingmenina","https:\/\/www.instagram.com\/campingmenina\/","https:\/\/www.tripadvisor.com\/Hotel_Review-g3207627-d7153990-Reviews-Camping_Menina-Ljubno_Styria_Region.html?m=19905","https:\/\/www.youtube.com\/channel\/UCwW3NXEpx6yvGZdbwv5P2yw"]}]}},"_links":{"self":[{"href":"https:\/\/funparkmenina.com\/de\/wp-json\/wp\/v2\/product\/4747","targetHints":{"allow":["GET"]}}],"collection":[{"href":"https:\/\/funparkmenina.com\/de\/wp-json\/wp\/v2\/product"}],"about":[{"href":"https:\/\/funparkmenina.com\/de\/wp-json\/wp\/v2\/types\/product"}],"replies":[{"embeddable":true,"href":"https:\/\/funparkmenina.com\/de\/wp-json\/wp\/v2\/comments?post=4747"}],"wp:featuredmedia":[{"embeddable":true,"href":"https:\/\/funparkmenina.com\/de\/wp-json\/wp\/v2\/media\/4393"}],"wp:attachment":[{"href":"https:\/\/funparkmenina.com\/de\/wp-json\/wp\/v2\/media?parent=4747"}],"wp:term":[{"taxonomy":"product_brand","embeddable":true,"href":"https:\/\/funparkmenina.com\/de\/wp-json\/wp\/v2\/product_brand?post=4747"},{"taxonomy":"product_cat","embeddable":true,"href":"https:\/\/funparkmenina.com\/de\/wp-json\/wp\/v2\/product_cat?post=4747"},{"taxonomy":"product_tag","embeddable":true,"href":"https:\/\/funparkmenina.com\/de\/wp-json\/wp\/v2\/product_tag?post=4747"}],"curies":[{"name":"wp","href":"https:\/\/api.w.org\/{rel}","templated":true}]}}