{"id":4745,"date":"2024-11-14T11:26:34","date_gmt":"2024-11-14T11:26:34","guid":{"rendered":"https:\/\/funparkmenina.com\/product\/adrenalin-park-gelbe-linie\/"},"modified":"2024-12-31T10:35:55","modified_gmt":"2024-12-31T10:35:55","slug":"adrenalin-park-gelbe-linie","status":"publish","type":"product","link":"https:\/\/funparkmenina.com\/de\/produkt\/adrenalin-park-gelbe-linie\/","title":{"rendered":"Adrenalinpark &#8211; Gelbe linie"},"content":{"rendered":"<p><strong>GELBE LINIE \u2013 KINDER<\/strong><\/p>\n<p>Ab 4. bis 10. Jahre des Alters<\/p>\n<p class=\"text-align-justify\">Der Parcours hat f\u00fcnf Stationen und Kinder mit einer ausgestreckten Armh\u00f6he von mindestens 140 cm d\u00fcrfen den Parcours betreten.<\/p>\n<p>Dauer: 1h-1,5h<\/p>\n","protected":false},"excerpt":{"rendered":"<p>GELBE LINIE \u2013 KINDER Ab 4. bis 10. Jahre des Alters Der Parcours hat f\u00fcnf Stationen und Kinder mit einer ausgestreckten Armh\u00f6he von mindestens 140 cm d\u00fcrfen den Parcours betreten. Dauer: 1h-1,5h<\/p>\n","protected":false},"featured_media":4393,"comment_status":"closed","ping_status":"closed","template":"","meta":[],"product_brand":[],"product_cat":[87],"product_tag":[],"class_list":{"0":"post-4745","1":"product","2":"type-product","3":"status-publish","4":"has-post-thumbnail","6":"product_cat-geschenkgutscheinei","8":"first","9":"instock","10":"virtual","11":"purchasable","12":"product-type-simple"},"yoast_head":"<!-- This site is optimized with the Yoast SEO plugin v27.0 - https:\/\/yoast.com\/product\/yoast-seo-wordpress\/ -->\n<title>Adrenalinpark - Gelbe linie - Fun Park Menina<\/title>\n<meta name=\"description\" content=\"Adrenalinpark: Ob Geburtstag, Jubil\u00e4um oder einfach nur eine unerwartete \u00dcberraschung, Geschenkgutscheine sorgen f\u00fcr ein unvergessliches Erlebnis ...\" \/>\n<meta name=\"robots\" content=\"index, follow, max-snippet:-1, max-image-preview:large, max-video-preview:-1\" \/>\n<link rel=\"canonical\" href=\"https:\/\/funparkmenina.com\/produkt\/adrenalinski-park-rumena-proga\/\" \/>\n<meta property=\"og:locale\" content=\"de_DE\" \/>\n<meta property=\"og:type\" content=\"article\" \/>\n<meta property=\"og:title\" content=\"Adrenalinpark - Gelbe linie - Fun Park Menina\" \/>\n<meta property=\"og:description\" content=\"Adrenalinpark: Ob Geburtstag, Jubil\u00e4um oder einfach nur eine unerwartete \u00dcberraschung, Geschenkgutscheine sorgen f\u00fcr ein unvergessliches Erlebnis ...\" \/>\n<meta property=\"og:url\" content=\"https:\/\/funparkmenina.com\/produkt\/adrenalinski-park-rumena-proga\/\" \/>\n<meta property=\"og:site_name\" content=\"Fun Park Menina\" \/>\n<meta property=\"article:publisher\" content=\"https:\/\/www.facebook.com\/campingmenina\" \/>\n<meta property=\"article:modified_time\" content=\"2024-12-31T10:35:55+00:00\" \/>\n<meta property=\"og:image\" content=\"https:\/\/funparkmenina.com\/wp-content\/uploads\/2024\/11\/fun_park_menina_logo.jpg\" \/>\n\t<meta property=\"og:image:width\" content=\"858\" \/>\n\t<meta property=\"og:image:height\" content=\"612\" \/>\n\t<meta property=\"og:image:type\" content=\"image\/jpeg\" \/>\n<meta name=\"twitter:card\" content=\"summary_large_image\" \/>\n<script type=\"application\/ld+json\" class=\"yoast-schema-graph\">{\"@context\":\"https:\/\/schema.org\",\"@graph\":[{\"@type\":\"WebPage\",\"@id\":\"https:\/\/funparkmenina.com\/produkt\/adrenalinski-park-rumena-proga\/\",\"url\":\"https:\/\/funparkmenina.com\/produkt\/adrenalinski-park-rumena-proga\/\",\"name\":\"Adrenalinpark - Gelbe linie - Fun Park Menina\",\"isPartOf\":{\"@id\":\"https:\/\/funparkmenina.com\/#website\"},\"primaryImageOfPage\":{\"@id\":\"https:\/\/funparkmenina.com\/produkt\/adrenalinski-park-rumena-proga\/#primaryimage\"},\"image\":{\"@id\":\"https:\/\/funparkmenina.com\/produkt\/adrenalinski-park-rumena-proga\/#primaryimage\"},\"thumbnailUrl\":\"https:\/\/funparkmenina.com\/wp-content\/uploads\/2024\/11\/fun_park_menina_logo.jpg\",\"datePublished\":\"2024-11-14T11:26:34+00:00\",\"dateModified\":\"2024-12-31T10:35:55+00:00\",\"description\":\"Adrenalinpark: Ob Geburtstag, Jubil\u00e4um oder einfach nur eine unerwartete \u00dcberraschung, Geschenkgutscheine sorgen f\u00fcr ein unvergessliches Erlebnis ...\",\"breadcrumb\":{\"@id\":\"https:\/\/funparkmenina.com\/produkt\/adrenalinski-park-rumena-proga\/#breadcrumb\"},\"inLanguage\":\"de\",\"potentialAction\":[{\"@type\":\"ReadAction\",\"target\":[\"https:\/\/funparkmenina.com\/produkt\/adrenalinski-park-rumena-proga\/\"]}]},{\"@type\":\"ImageObject\",\"inLanguage\":\"de\",\"@id\":\"https:\/\/funparkmenina.com\/produkt\/adrenalinski-park-rumena-proga\/#primaryimage\",\"url\":\"https:\/\/funparkmenina.com\/wp-content\/uploads\/2024\/11\/fun_park_menina_logo.jpg\",\"contentUrl\":\"https:\/\/funparkmenina.com\/wp-content\/uploads\/2024\/11\/fun_park_menina_logo.jpg\",\"width\":858,\"height\":612,\"caption\":\"Funpark Menina logo\"},{\"@type\":\"BreadcrumbList\",\"@id\":\"https:\/\/funparkmenina.com\/produkt\/adrenalinski-park-rumena-proga\/#breadcrumb\",\"itemListElement\":[{\"@type\":\"ListItem\",\"position\":1,\"name\":\"Home\",\"item\":\"https:\/\/funparkmenina.com\/\"},{\"@type\":\"ListItem\",\"position\":2,\"name\":\"Shop\",\"item\":\"https:\/\/funparkmenina.com\/de\/shop\/\"},{\"@type\":\"ListItem\",\"position\":3,\"name\":\"Adrenalinpark &#8211; Gelbe linie\"}]},{\"@type\":\"WebSite\",\"@id\":\"https:\/\/funparkmenina.com\/#website\",\"url\":\"https:\/\/funparkmenina.com\/\",\"name\":\"Fun Park Menina\",\"description\":\"\",\"publisher\":{\"@id\":\"https:\/\/funparkmenina.com\/#organization\"},\"potentialAction\":[{\"@type\":\"SearchAction\",\"target\":{\"@type\":\"EntryPoint\",\"urlTemplate\":\"https:\/\/funparkmenina.com\/?s={search_term_string}\"},\"query-input\":{\"@type\":\"PropertyValueSpecification\",\"valueRequired\":true,\"valueName\":\"search_term_string\"}}],\"inLanguage\":\"de\"},{\"@type\":\"Organization\",\"@id\":\"https:\/\/funparkmenina.com\/#organization\",\"name\":\"Fun Park Menina\",\"url\":\"https:\/\/funparkmenina.com\/\",\"logo\":{\"@type\":\"ImageObject\",\"inLanguage\":\"de\",\"@id\":\"https:\/\/funparkmenina.com\/#\/schema\/logo\/image\/\",\"url\":\"https:\/\/funparkmenina.com\/wp-content\/uploads\/2024\/04\/funParkMenina-logo.svg\",\"contentUrl\":\"https:\/\/funparkmenina.com\/wp-content\/uploads\/2024\/04\/funParkMenina-logo.svg\",\"width\":50,\"height\":35,\"caption\":\"Fun Park Menina\"},\"image\":{\"@id\":\"https:\/\/funparkmenina.com\/#\/schema\/logo\/image\/\"},\"sameAs\":[\"https:\/\/www.facebook.com\/campingmenina\",\"https:\/\/www.instagram.com\/campingmenina\/\",\"https:\/\/www.tripadvisor.com\/Hotel_Review-g3207627-d7153990-Reviews-Camping_Menina-Ljubno_Styria_Region.html?m=19905\",\"https:\/\/www.youtube.com\/channel\/UCwW3NXEpx6yvGZdbwv5P2yw\"]}]}<\/script>\n<!-- \/ Yoast SEO plugin. -->","yoast_head_json":{"title":"Adrenalinpark - Gelbe linie - Fun Park Menina","description":"Adrenalinpark: Ob Geburtstag, Jubil\u00e4um oder einfach nur eine unerwartete \u00dcberraschung, Geschenkgutscheine sorgen f\u00fcr ein unvergessliches Erlebnis ...","robots":{"index":"index","follow":"follow","max-snippet":"max-snippet:-1","max-image-preview":"max-image-preview:large","max-video-preview":"max-video-preview:-1"},"canonical":"https:\/\/funparkmenina.com\/produkt\/adrenalinski-park-rumena-proga\/","og_locale":"de_DE","og_type":"article","og_title":"Adrenalinpark - Gelbe linie - Fun Park Menina","og_description":"Adrenalinpark: Ob Geburtstag, Jubil\u00e4um oder einfach nur eine unerwartete \u00dcberraschung, Geschenkgutscheine sorgen f\u00fcr ein unvergessliches Erlebnis ...","og_url":"https:\/\/funparkmenina.com\/produkt\/adrenalinski-park-rumena-proga\/","og_site_name":"Fun Park Menina","article_publisher":"https:\/\/www.facebook.com\/campingmenina","article_modified_time":"2024-12-31T10:35:55+00:00","og_image":[{"width":858,"height":612,"url":"https:\/\/funparkmenina.com\/wp-content\/uploads\/2024\/11\/fun_park_menina_logo.jpg","type":"image\/jpeg"}],"twitter_card":"summary_large_image","schema":{"@context":"https:\/\/schema.org","@graph":[{"@type":"WebPage","@id":"https:\/\/funparkmenina.com\/produkt\/adrenalinski-park-rumena-proga\/","url":"https:\/\/funparkmenina.com\/produkt\/adrenalinski-park-rumena-proga\/","name":"Adrenalinpark - Gelbe linie - Fun Park Menina","isPartOf":{"@id":"https:\/\/funparkmenina.com\/#website"},"primaryImageOfPage":{"@id":"https:\/\/funparkmenina.com\/produkt\/adrenalinski-park-rumena-proga\/#primaryimage"},"image":{"@id":"https:\/\/funparkmenina.com\/produkt\/adrenalinski-park-rumena-proga\/#primaryimage"},"thumbnailUrl":"https:\/\/funparkmenina.com\/wp-content\/uploads\/2024\/11\/fun_park_menina_logo.jpg","datePublished":"2024-11-14T11:26:34+00:00","dateModified":"2024-12-31T10:35:55+00:00","description":"Adrenalinpark: Ob Geburtstag, Jubil\u00e4um oder einfach nur eine unerwartete \u00dcberraschung, Geschenkgutscheine sorgen f\u00fcr ein unvergessliches Erlebnis ...","breadcrumb":{"@id":"https:\/\/funparkmenina.com\/produkt\/adrenalinski-park-rumena-proga\/#breadcrumb"},"inLanguage":"de","potentialAction":[{"@type":"ReadAction","target":["https:\/\/funparkmenina.com\/produkt\/adrenalinski-park-rumena-proga\/"]}]},{"@type":"ImageObject","inLanguage":"de","@id":"https:\/\/funparkmenina.com\/produkt\/adrenalinski-park-rumena-proga\/#primaryimage","url":"https:\/\/funparkmenina.com\/wp-content\/uploads\/2024\/11\/fun_park_menina_logo.jpg","contentUrl":"https:\/\/funparkmenina.com\/wp-content\/uploads\/2024\/11\/fun_park_menina_logo.jpg","width":858,"height":612,"caption":"Funpark Menina logo"},{"@type":"BreadcrumbList","@id":"https:\/\/funparkmenina.com\/produkt\/adrenalinski-park-rumena-proga\/#breadcrumb","itemListElement":[{"@type":"ListItem","position":1,"name":"Home","item":"https:\/\/funparkmenina.com\/"},{"@type":"ListItem","position":2,"name":"Shop","item":"https:\/\/funparkmenina.com\/de\/shop\/"},{"@type":"ListItem","position":3,"name":"Adrenalinpark &#8211; Gelbe linie"}]},{"@type":"WebSite","@id":"https:\/\/funparkmenina.com\/#website","url":"https:\/\/funparkmenina.com\/","name":"Fun Park Menina","description":"","publisher":{"@id":"https:\/\/funparkmenina.com\/#organization"},"potentialAction":[{"@type":"SearchAction","target":{"@type":"EntryPoint","urlTemplate":"https:\/\/funparkmenina.com\/?s={search_term_string}"},"query-input":{"@type":"PropertyValueSpecification","valueRequired":true,"valueName":"search_term_string"}}],"inLanguage":"de"},{"@type":"Organization","@id":"https:\/\/funparkmenina.com\/#organization","name":"Fun Park Menina","url":"https:\/\/funparkmenina.com\/","logo":{"@type":"ImageObject","inLanguage":"de","@id":"https:\/\/funparkmenina.com\/#\/schema\/logo\/image\/","url":"https:\/\/funparkmenina.com\/wp-content\/uploads\/2024\/04\/funParkMenina-logo.svg","contentUrl":"https:\/\/funparkmenina.com\/wp-content\/uploads\/2024\/04\/funParkMenina-logo.svg","width":50,"height":35,"caption":"Fun Park Menina"},"image":{"@id":"https:\/\/funparkmenina.com\/#\/schema\/logo\/image\/"},"sameAs":["https:\/\/www.facebook.com\/campingmenina","https:\/\/www.instagram.com\/campingmenina\/","https:\/\/www.tripadvisor.com\/Hotel_Review-g3207627-d7153990-Reviews-Camping_Menina-Ljubno_Styria_Region.html?m=19905","https:\/\/www.youtube.com\/channel\/UCwW3NXEpx6yvGZdbwv5P2yw"]}]}},"_links":{"self":[{"href":"https:\/\/funparkmenina.com\/de\/wp-json\/wp\/v2\/product\/4745","targetHints":{"allow":["GET"]}}],"collection":[{"href":"https:\/\/funparkmenina.com\/de\/wp-json\/wp\/v2\/product"}],"about":[{"href":"https:\/\/funparkmenina.com\/de\/wp-json\/wp\/v2\/types\/product"}],"replies":[{"embeddable":true,"href":"https:\/\/funparkmenina.com\/de\/wp-json\/wp\/v2\/comments?post=4745"}],"wp:featuredmedia":[{"embeddable":true,"href":"https:\/\/funparkmenina.com\/de\/wp-json\/wp\/v2\/media\/4393"}],"wp:attachment":[{"href":"https:\/\/funparkmenina.com\/de\/wp-json\/wp\/v2\/media?parent=4745"}],"wp:term":[{"taxonomy":"product_brand","embeddable":true,"href":"https:\/\/funparkmenina.com\/de\/wp-json\/wp\/v2\/product_brand?post=4745"},{"taxonomy":"product_cat","embeddable":true,"href":"https:\/\/funparkmenina.com\/de\/wp-json\/wp\/v2\/product_cat?post=4745"},{"taxonomy":"product_tag","embeddable":true,"href":"https:\/\/funparkmenina.com\/de\/wp-json\/wp\/v2\/product_tag?post=4745"}],"curies":[{"name":"wp","href":"https:\/\/api.w.org\/{rel}","templated":true}]}}