{"id":4738,"date":"2024-11-14T12:32:00","date_gmt":"2024-11-14T12:32:00","guid":{"rendered":"https:\/\/funparkmenina.com\/product\/kajak-sit-on-top\/"},"modified":"2026-01-27T19:46:13","modified_gmt":"2026-01-27T19:46:13","slug":"kajak-sit-on-top","status":"publish","type":"product","link":"https:\/\/funparkmenina.com\/de\/produkt\/kajak-sit-on-top\/","title":{"rendered":"Kajak sit on top"},"content":{"rendered":"<p>Ein Geschenkgutschein f\u00fcr ein Sit-on-Top-Kajak ist ein hervorragendes Geschenk f\u00fcr Wasser- und Naturliebhaber, da Sie damit den Fluss unbeschwert mit einem stabilen und einfach zu bedienenden Kajak erkunden k\u00f6nnen.<br \/>\nKajakfahren auf dem Fluss Savinja im Savinja-Tal ist eine Aktivit\u00e4t, die f\u00fcr Kinder und Erwachsene, sowohl f\u00fcr Anf\u00e4nger als auch f\u00fcr erfahrene Kajakfahrer geeignet ist.<\/p>\n<p>Alter: 8+<\/p>\n<p>Dauer: 2-3h<\/p>\n<p>&nbsp;<\/p>\n<p><a href=\"https:\/\/funparkmenina.com\/de\/kajak-oben-aufsetzen\/\">Weitere Informationen<\/a><\/p>\n","protected":false},"excerpt":{"rendered":"<p>Ein Geschenkgutschein f\u00fcr ein Sit-on-Top-Kajak ist ein hervorragendes Geschenk f\u00fcr Wasser- und Naturliebhaber, da Sie damit den Fluss unbeschwert mit einem stabilen und einfach zu bedienenden Kajak erkunden k\u00f6nnen. Kajakfahren auf dem Fluss Savinja im Savinja-Tal ist eine Aktivit\u00e4t, die f\u00fcr Kinder und Erwachsene, sowohl f\u00fcr Anf\u00e4nger als auch f\u00fcr erfahrene Kajakfahrer geeignet ist. Alter: [&hellip;]<\/p>\n","protected":false},"featured_media":4393,"comment_status":"closed","ping_status":"closed","template":"","meta":[],"product_brand":[],"product_cat":[87],"product_tag":[],"class_list":{"0":"post-4738","1":"product","2":"type-product","3":"status-publish","4":"has-post-thumbnail","6":"product_cat-geschenkgutscheinei","8":"first","9":"instock","10":"virtual","11":"purchasable","12":"product-type-simple"},"yoast_head":"<!-- This site is optimized with the Yoast SEO plugin v27.0 - https:\/\/yoast.com\/product\/yoast-seo-wordpress\/ -->\n<title>Kajak sit on top - Fun Park Menina<\/title>\n<meta name=\"description\" content=\"Ein Geschenkgutschein f\u00fcr ein Sit-on-Top-Kajak ist ein hervorragendes Geschenk f\u00fcr Wasser- und Naturliebhaber, denn er erm\u00f6glicht eine unbeschwerte Erkundung des Flusses mit einem stabilen Kajak...\" \/>\n<meta name=\"robots\" content=\"index, follow, max-snippet:-1, max-image-preview:large, max-video-preview:-1\" \/>\n<link rel=\"canonical\" href=\"https:\/\/funparkmenina.com\/de\/produkt\/kajak-sit-on-top\/\" \/>\n<meta property=\"og:locale\" content=\"de_DE\" \/>\n<meta property=\"og:type\" content=\"article\" \/>\n<meta property=\"og:title\" content=\"Kajak sit on top - Fun Park Menina\" \/>\n<meta property=\"og:description\" content=\"Ein Geschenkgutschein f\u00fcr ein Sit-on-Top-Kajak ist ein hervorragendes Geschenk f\u00fcr Wasser- und Naturliebhaber, denn er erm\u00f6glicht eine unbeschwerte Erkundung des Flusses mit einem stabilen Kajak...\" \/>\n<meta property=\"og:url\" content=\"https:\/\/funparkmenina.com\/de\/produkt\/kajak-sit-on-top\/\" \/>\n<meta property=\"og:site_name\" content=\"Fun Park Menina\" \/>\n<meta property=\"article:publisher\" content=\"https:\/\/www.facebook.com\/campingmenina\" \/>\n<meta property=\"article:modified_time\" content=\"2026-01-27T19:46:13+00:00\" \/>\n<meta property=\"og:image\" content=\"https:\/\/funparkmenina.com\/wp-content\/uploads\/2024\/11\/fun_park_menina_logo.jpg\" \/>\n\t<meta property=\"og:image:width\" content=\"858\" \/>\n\t<meta property=\"og:image:height\" content=\"612\" \/>\n\t<meta property=\"og:image:type\" content=\"image\/jpeg\" \/>\n<meta name=\"twitter:card\" content=\"summary_large_image\" \/>\n<meta name=\"twitter:label1\" content=\"Gesch\u00e4tzte Lesezeit\" \/>\n\t<meta name=\"twitter:data1\" content=\"1\u00a0Minute\" \/>\n<script type=\"application\/ld+json\" class=\"yoast-schema-graph\">{\"@context\":\"https:\/\/schema.org\",\"@graph\":[{\"@type\":\"WebPage\",\"@id\":\"https:\/\/funparkmenina.com\/de\/produkt\/kajak-sit-on-top\/\",\"url\":\"https:\/\/funparkmenina.com\/de\/produkt\/kajak-sit-on-top\/\",\"name\":\"Kajak sit on top - Fun Park Menina\",\"isPartOf\":{\"@id\":\"https:\/\/funparkmenina.com\/#website\"},\"primaryImageOfPage\":{\"@id\":\"https:\/\/funparkmenina.com\/de\/produkt\/kajak-sit-on-top\/#primaryimage\"},\"image\":{\"@id\":\"https:\/\/funparkmenina.com\/de\/produkt\/kajak-sit-on-top\/#primaryimage\"},\"thumbnailUrl\":\"https:\/\/funparkmenina.com\/wp-content\/uploads\/2024\/11\/fun_park_menina_logo.jpg\",\"datePublished\":\"2024-11-14T12:32:00+00:00\",\"dateModified\":\"2026-01-27T19:46:13+00:00\",\"description\":\"Ein Geschenkgutschein f\u00fcr ein Sit-on-Top-Kajak ist ein hervorragendes Geschenk f\u00fcr Wasser- und Naturliebhaber, denn er erm\u00f6glicht eine unbeschwerte Erkundung des Flusses mit einem stabilen Kajak...\",\"breadcrumb\":{\"@id\":\"https:\/\/funparkmenina.com\/de\/produkt\/kajak-sit-on-top\/#breadcrumb\"},\"inLanguage\":\"de\",\"potentialAction\":[{\"@type\":\"ReadAction\",\"target\":[\"https:\/\/funparkmenina.com\/de\/produkt\/kajak-sit-on-top\/\"]}]},{\"@type\":\"ImageObject\",\"inLanguage\":\"de\",\"@id\":\"https:\/\/funparkmenina.com\/de\/produkt\/kajak-sit-on-top\/#primaryimage\",\"url\":\"https:\/\/funparkmenina.com\/wp-content\/uploads\/2024\/11\/fun_park_menina_logo.jpg\",\"contentUrl\":\"https:\/\/funparkmenina.com\/wp-content\/uploads\/2024\/11\/fun_park_menina_logo.jpg\",\"width\":858,\"height\":612,\"caption\":\"Funpark Menina logo\"},{\"@type\":\"BreadcrumbList\",\"@id\":\"https:\/\/funparkmenina.com\/de\/produkt\/kajak-sit-on-top\/#breadcrumb\",\"itemListElement\":[{\"@type\":\"ListItem\",\"position\":1,\"name\":\"Home\",\"item\":\"https:\/\/funparkmenina.com\/\"},{\"@type\":\"ListItem\",\"position\":2,\"name\":\"Shop\",\"item\":\"https:\/\/funparkmenina.com\/de\/shop\/\"},{\"@type\":\"ListItem\",\"position\":3,\"name\":\"Kajak sit on top\"}]},{\"@type\":\"WebSite\",\"@id\":\"https:\/\/funparkmenina.com\/#website\",\"url\":\"https:\/\/funparkmenina.com\/\",\"name\":\"Fun Park Menina\",\"description\":\"\",\"publisher\":{\"@id\":\"https:\/\/funparkmenina.com\/#organization\"},\"potentialAction\":[{\"@type\":\"SearchAction\",\"target\":{\"@type\":\"EntryPoint\",\"urlTemplate\":\"https:\/\/funparkmenina.com\/?s={search_term_string}\"},\"query-input\":{\"@type\":\"PropertyValueSpecification\",\"valueRequired\":true,\"valueName\":\"search_term_string\"}}],\"inLanguage\":\"de\"},{\"@type\":\"Organization\",\"@id\":\"https:\/\/funparkmenina.com\/#organization\",\"name\":\"Fun Park Menina\",\"url\":\"https:\/\/funparkmenina.com\/\",\"logo\":{\"@type\":\"ImageObject\",\"inLanguage\":\"de\",\"@id\":\"https:\/\/funparkmenina.com\/#\/schema\/logo\/image\/\",\"url\":\"https:\/\/funparkmenina.com\/wp-content\/uploads\/2024\/04\/funParkMenina-logo.svg\",\"contentUrl\":\"https:\/\/funparkmenina.com\/wp-content\/uploads\/2024\/04\/funParkMenina-logo.svg\",\"width\":50,\"height\":35,\"caption\":\"Fun Park Menina\"},\"image\":{\"@id\":\"https:\/\/funparkmenina.com\/#\/schema\/logo\/image\/\"},\"sameAs\":[\"https:\/\/www.facebook.com\/campingmenina\",\"https:\/\/www.instagram.com\/campingmenina\/\",\"https:\/\/www.tripadvisor.com\/Hotel_Review-g3207627-d7153990-Reviews-Camping_Menina-Ljubno_Styria_Region.html?m=19905\",\"https:\/\/www.youtube.com\/channel\/UCwW3NXEpx6yvGZdbwv5P2yw\"]}]}<\/script>\n<!-- \/ Yoast SEO plugin. -->","yoast_head_json":{"title":"Kajak sit on top - Fun Park Menina","description":"Ein Geschenkgutschein f\u00fcr ein Sit-on-Top-Kajak ist ein hervorragendes Geschenk f\u00fcr Wasser- und Naturliebhaber, denn er erm\u00f6glicht eine unbeschwerte Erkundung des Flusses mit einem stabilen Kajak...","robots":{"index":"index","follow":"follow","max-snippet":"max-snippet:-1","max-image-preview":"max-image-preview:large","max-video-preview":"max-video-preview:-1"},"canonical":"https:\/\/funparkmenina.com\/de\/produkt\/kajak-sit-on-top\/","og_locale":"de_DE","og_type":"article","og_title":"Kajak sit on top - Fun Park Menina","og_description":"Ein Geschenkgutschein f\u00fcr ein Sit-on-Top-Kajak ist ein hervorragendes Geschenk f\u00fcr Wasser- und Naturliebhaber, denn er erm\u00f6glicht eine unbeschwerte Erkundung des Flusses mit einem stabilen Kajak...","og_url":"https:\/\/funparkmenina.com\/de\/produkt\/kajak-sit-on-top\/","og_site_name":"Fun Park Menina","article_publisher":"https:\/\/www.facebook.com\/campingmenina","article_modified_time":"2026-01-27T19:46:13+00:00","og_image":[{"width":858,"height":612,"url":"https:\/\/funparkmenina.com\/wp-content\/uploads\/2024\/11\/fun_park_menina_logo.jpg","type":"image\/jpeg"}],"twitter_card":"summary_large_image","twitter_misc":{"Gesch\u00e4tzte Lesezeit":"1\u00a0Minute"},"schema":{"@context":"https:\/\/schema.org","@graph":[{"@type":"WebPage","@id":"https:\/\/funparkmenina.com\/de\/produkt\/kajak-sit-on-top\/","url":"https:\/\/funparkmenina.com\/de\/produkt\/kajak-sit-on-top\/","name":"Kajak sit on top - Fun Park Menina","isPartOf":{"@id":"https:\/\/funparkmenina.com\/#website"},"primaryImageOfPage":{"@id":"https:\/\/funparkmenina.com\/de\/produkt\/kajak-sit-on-top\/#primaryimage"},"image":{"@id":"https:\/\/funparkmenina.com\/de\/produkt\/kajak-sit-on-top\/#primaryimage"},"thumbnailUrl":"https:\/\/funparkmenina.com\/wp-content\/uploads\/2024\/11\/fun_park_menina_logo.jpg","datePublished":"2024-11-14T12:32:00+00:00","dateModified":"2026-01-27T19:46:13+00:00","description":"Ein Geschenkgutschein f\u00fcr ein Sit-on-Top-Kajak ist ein hervorragendes Geschenk f\u00fcr Wasser- und Naturliebhaber, denn er erm\u00f6glicht eine unbeschwerte Erkundung des Flusses mit einem stabilen Kajak...","breadcrumb":{"@id":"https:\/\/funparkmenina.com\/de\/produkt\/kajak-sit-on-top\/#breadcrumb"},"inLanguage":"de","potentialAction":[{"@type":"ReadAction","target":["https:\/\/funparkmenina.com\/de\/produkt\/kajak-sit-on-top\/"]}]},{"@type":"ImageObject","inLanguage":"de","@id":"https:\/\/funparkmenina.com\/de\/produkt\/kajak-sit-on-top\/#primaryimage","url":"https:\/\/funparkmenina.com\/wp-content\/uploads\/2024\/11\/fun_park_menina_logo.jpg","contentUrl":"https:\/\/funparkmenina.com\/wp-content\/uploads\/2024\/11\/fun_park_menina_logo.jpg","width":858,"height":612,"caption":"Funpark Menina logo"},{"@type":"BreadcrumbList","@id":"https:\/\/funparkmenina.com\/de\/produkt\/kajak-sit-on-top\/#breadcrumb","itemListElement":[{"@type":"ListItem","position":1,"name":"Home","item":"https:\/\/funparkmenina.com\/"},{"@type":"ListItem","position":2,"name":"Shop","item":"https:\/\/funparkmenina.com\/de\/shop\/"},{"@type":"ListItem","position":3,"name":"Kajak sit on top"}]},{"@type":"WebSite","@id":"https:\/\/funparkmenina.com\/#website","url":"https:\/\/funparkmenina.com\/","name":"Fun Park Menina","description":"","publisher":{"@id":"https:\/\/funparkmenina.com\/#organization"},"potentialAction":[{"@type":"SearchAction","target":{"@type":"EntryPoint","urlTemplate":"https:\/\/funparkmenina.com\/?s={search_term_string}"},"query-input":{"@type":"PropertyValueSpecification","valueRequired":true,"valueName":"search_term_string"}}],"inLanguage":"de"},{"@type":"Organization","@id":"https:\/\/funparkmenina.com\/#organization","name":"Fun Park Menina","url":"https:\/\/funparkmenina.com\/","logo":{"@type":"ImageObject","inLanguage":"de","@id":"https:\/\/funparkmenina.com\/#\/schema\/logo\/image\/","url":"https:\/\/funparkmenina.com\/wp-content\/uploads\/2024\/04\/funParkMenina-logo.svg","contentUrl":"https:\/\/funparkmenina.com\/wp-content\/uploads\/2024\/04\/funParkMenina-logo.svg","width":50,"height":35,"caption":"Fun Park Menina"},"image":{"@id":"https:\/\/funparkmenina.com\/#\/schema\/logo\/image\/"},"sameAs":["https:\/\/www.facebook.com\/campingmenina","https:\/\/www.instagram.com\/campingmenina\/","https:\/\/www.tripadvisor.com\/Hotel_Review-g3207627-d7153990-Reviews-Camping_Menina-Ljubno_Styria_Region.html?m=19905","https:\/\/www.youtube.com\/channel\/UCwW3NXEpx6yvGZdbwv5P2yw"]}]}},"_links":{"self":[{"href":"https:\/\/funparkmenina.com\/de\/wp-json\/wp\/v2\/product\/4738","targetHints":{"allow":["GET"]}}],"collection":[{"href":"https:\/\/funparkmenina.com\/de\/wp-json\/wp\/v2\/product"}],"about":[{"href":"https:\/\/funparkmenina.com\/de\/wp-json\/wp\/v2\/types\/product"}],"replies":[{"embeddable":true,"href":"https:\/\/funparkmenina.com\/de\/wp-json\/wp\/v2\/comments?post=4738"}],"wp:featuredmedia":[{"embeddable":true,"href":"https:\/\/funparkmenina.com\/de\/wp-json\/wp\/v2\/media\/4393"}],"wp:attachment":[{"href":"https:\/\/funparkmenina.com\/de\/wp-json\/wp\/v2\/media?parent=4738"}],"wp:term":[{"taxonomy":"product_brand","embeddable":true,"href":"https:\/\/funparkmenina.com\/de\/wp-json\/wp\/v2\/product_brand?post=4738"},{"taxonomy":"product_cat","embeddable":true,"href":"https:\/\/funparkmenina.com\/de\/wp-json\/wp\/v2\/product_cat?post=4738"},{"taxonomy":"product_tag","embeddable":true,"href":"https:\/\/funparkmenina.com\/de\/wp-json\/wp\/v2\/product_tag?post=4738"}],"curies":[{"name":"wp","href":"https:\/\/api.w.org\/{rel}","templated":true}]}}