{"id":3443,"date":"2024-12-20T11:46:37","date_gmt":"2024-12-20T11:46:37","guid":{"rendered":"https:\/\/funparkmenina.com\/?page_id=3443"},"modified":"2024-12-20T11:46:37","modified_gmt":"2024-12-20T11:46:37","slug":"ruckerstattung-und-ruckgabebedingungen","status":"publish","type":"page","link":"https:\/\/funparkmenina.com\/de\/ruckerstattung-und-ruckgabebedingungen\/","title":{"rendered":"R\u00fcckerstattung und R\u00fcckgabebedingungen"},"content":{"rendered":"\n<p><b>Dies ist eine Beispielseite.<\/b><\/p>\n\n<h3>Overview<\/h3>\n\n<p>Unser Erstattungs- und R\u00fcckgaberecht betr\u00e4gt 30 Tage. Wenn seit Ihrem Kauf 30 Tage vergangen sind, k\u00f6nnen wir Ihnen weder eine volle R\u00fcckerstattung noch einen Umtausch anbieten.<\/p>\n\n<p>Um f\u00fcr eine R\u00fcckgabe in Frage zu kommen, muss Ihr Artikel unbenutzt sein und sich im selben Zustand befinden, in dem Sie ihn erhalten haben. Es muss au\u00dferdem in der Originalverpackung sein.<\/p>\n\n<p>Einige Arten von Waren sind von der R\u00fcckgabe ausgenommen. Verderbliche Waren wie Lebensmittel, Blumen, Zeitungen oder Zeitschriften k\u00f6nnen nicht zur\u00fcckgegeben werden. Wir nehmen auch keine Produkte an, bei denen es sich um Intim- oder Hygieneartikel, gef\u00e4hrliche Materialien oder entflammbare Fl\u00fcssigkeiten oder Gase handelt.<\/p>\n\n<p>Zus\u00e4tzliche Artikel, die nicht zur\u00fcckgegeben werden k\u00f6nnen:<\/p>\n\n<ul class=\"wp-block-list\">\n<li>Geschenkkarten<\/li>\n<li>Herunterladbare Software-Produkte<\/li>\n<li>Einige Artikel f\u00fcr Gesundheit und K\u00f6rperpflege<\/li>\n<\/ul>\n\n<p>Um Ihre R\u00fcckgabe abzuschlie\u00dfen, ben\u00f6tigen wir eine Quittung oder einen Kaufbeleg.<\/p>\n\n<p>Bitte schicken Sie Ihren Kauf nicht an den Hersteller zur\u00fcck.<\/p>\n\n<p>Es gibt bestimmte Situationen, in denen nur Teilerstattungen gew\u00e4hrt werden:<\/p>\n\n<ul class=\"wp-block-list\">\n<li>Buch mit deutlichen Gebrauchsspuren<\/li>\n<li>CD, DVD, VHS-Kassette, Software, Videospiel, Kassette oder Schallplatte, die ge\u00f6ffnet wurde.<\/li>\n<li>Jeder Artikel, der sich nicht im Originalzustand befindet, besch\u00e4digt ist oder dem Teile fehlen, die nicht auf unseren Fehler zur\u00fcckzuf\u00fchren sind.<\/li>\n<li>Jeder Artikel, der mehr als 30 Tage nach der Lieferung zur\u00fcckgegeben wird<\/li>\n<\/ul>\n\n<h2>Refunds<\/h2>\n\n<p>Sobald wir Ihre R\u00fccksendung erhalten und gepr\u00fcft haben, senden wir Ihnen eine E-Mail, um Sie zu benachrichtigen, dass wir Ihren zur\u00fcckgesandten Artikel erhalten haben. Wir werden Sie auch \u00fcber die Genehmigung oder Ablehnung Ihrer Erstattung informieren.<\/p>\n\n<p>Wenn Sie die Genehmigung erhalten, wird Ihre R\u00fcckerstattung bearbeitet und eine Gutschrift auf Ihre Kreditkarte oder Ihre urspr\u00fcngliche Zahlungsmethode wird automatisch innerhalb einer bestimmten Anzahl von Tagen vorgenommen.<\/p>\n\n<b>Late or missing refunds<\/b>\n\n<p>Wenn Sie noch keine R\u00fcckerstattung erhalten haben, \u00fcberpr\u00fcfen Sie zun\u00e4chst noch einmal Ihr Bankkonto.<\/p>\n\n<p>Wenden Sie sich dann an Ihr Kreditkartenunternehmen. Es kann einige Zeit dauern, bis Ihre Erstattung offiziell verbucht wird.<\/p>\n\n<p>Wenden Sie sich dann an Ihre Bank. Bis eine Erstattung verbucht wird, vergeht oft eine gewisse Bearbeitungszeit.<\/p>\n\n<p>Wenn Sie all dies getan haben und Ihre R\u00fcckerstattung immer noch nicht erhalten haben, kontaktieren Sie uns bitte unter {E-Mail-Adresse}.<\/p>\n\n<b>Sale items<\/b>\n\n<p>Nur Artikel zum regul\u00e4ren Preis k\u00f6nnen erstattet werden. Verkaufte Artikel k\u00f6nnen nicht zur\u00fcckerstattet werden.<\/p>\n\n<h2>Exchanges<\/h2>\n\n<p>Wir ersetzen Artikel nur, wenn sie defekt oder besch\u00e4digt sind. Wenn Sie den Artikel umtauschen m\u00f6chten, senden Sie uns eine E-Mail an {E-Mail-Adresse} und schicken Sie den Artikel an {Physikalische Adresse}: {Physikalische Adresse}.<\/p>\n\n<h2>Gifts<\/h2>\n\n<p>Wenn der Artikel beim Kauf als Geschenk gekennzeichnet war und direkt an Sie versandt wurde, erhalten Sie eine Geschenkgutschrift im Wert Ihrer R\u00fccksendung. Sobald der zur\u00fcckgegebene Artikel eingegangen ist, wird Ihnen ein Geschenkgutschein zugeschickt.<\/p>\n\n<p>Wenn der Artikel beim Kauf nicht als Geschenk gekennzeichnet war oder der Schenkende die Bestellung an sich selbst geschickt hat, um sie Ihnen sp\u00e4ter zu schenken, senden wir eine R\u00fcckerstattung an den Schenkenden und er wird von Ihrer R\u00fcckgabe erfahren.<\/p>\n\n<h2>Shipping returns<\/h2>\n\n<p>Um Ihr Produkt zur\u00fcckzusenden, schicken Sie es bitte an: {Physikalische Adresse}.<\/p>\n\n<p>Sie m\u00fcssen die Versandkosten f\u00fcr die R\u00fccksendung Ihres Artikels selbst tragen. Die Versandkosten sind nicht erstattungsf\u00e4hig. Wenn Sie eine R\u00fcckerstattung erhalten, werden die Kosten f\u00fcr den R\u00fcckversand von Ihrer R\u00fcckerstattung abgezogen.<\/p>\n\n<p>Je nachdem, wo Sie wohnen, kann es unterschiedlich lange dauern, bis Ihr ausgetauschtes Produkt bei Ihnen eintrifft.<\/p>\n\n<p>Wenn Sie teurere Artikel zur\u00fcckschicken, sollten Sie einen verfolgbaren Versanddienst nutzen oder eine Versandversicherung abschlie\u00dfen. Wir garantieren nicht, dass wir Ihren zur\u00fcckgesandten Artikel erhalten.<\/p>\n\n<h2>Need help?<\/h2>\n\n<p>{email} Kontaktieren Sie uns bei Fragen zu Erstattungen und R\u00fcckgaben.<\/p>\n","protected":false},"excerpt":{"rendered":"<p>Dies ist eine Beispielseite. Overview Unser Erstattungs- und R\u00fcckgaberecht betr\u00e4gt 30 Tage. Wenn seit Ihrem Kauf 30 Tage vergangen sind, k\u00f6nnen wir Ihnen weder eine volle R\u00fcckerstattung noch einen Umtausch anbieten. Um f\u00fcr eine R\u00fcckgabe in Frage zu kommen, muss Ihr Artikel unbenutzt sein und sich im selben Zustand befinden, in dem Sie ihn erhalten [&hellip;]<\/p>\n","protected":false},"author":1,"featured_media":0,"parent":0,"menu_order":0,"comment_status":"closed","ping_status":"closed","template":"","meta":{"footnotes":""},"class_list":["post-3443","page","type-page","status-publish","hentry"],"yoast_head":"<!-- This site is optimized with the Yoast SEO plugin v27.0 - https:\/\/yoast.com\/product\/yoast-seo-wordpress\/ -->\n<title>R\u00fcckerstattung und R\u00fcckgabebedingungen - Fun Park Menina<\/title>\n<meta name=\"robots\" content=\"index, follow, max-snippet:-1, max-image-preview:large, max-video-preview:-1\" \/>\n<link rel=\"canonical\" href=\"https:\/\/funparkmenina.com\/de\/ruckerstattung-und-ruckgabebedingungen\/\" \/>\n<meta property=\"og:locale\" content=\"de_DE\" \/>\n<meta property=\"og:type\" content=\"article\" \/>\n<meta property=\"og:title\" content=\"R\u00fcckerstattung und R\u00fcckgabebedingungen - Fun Park Menina\" \/>\n<meta property=\"og:description\" content=\"Dies ist eine Beispielseite. Overview Unser Erstattungs- und R\u00fcckgaberecht betr\u00e4gt 30 Tage. Wenn seit Ihrem Kauf 30 Tage vergangen sind, k\u00f6nnen wir Ihnen weder eine volle R\u00fcckerstattung noch einen Umtausch anbieten. Um f\u00fcr eine R\u00fcckgabe in Frage zu kommen, muss Ihr Artikel unbenutzt sein und sich im selben Zustand befinden, in dem Sie ihn erhalten [&hellip;]\" \/>\n<meta property=\"og:url\" content=\"https:\/\/funparkmenina.com\/de\/ruckerstattung-und-ruckgabebedingungen\/\" \/>\n<meta property=\"og:site_name\" content=\"Fun Park Menina\" \/>\n<meta property=\"article:publisher\" content=\"https:\/\/www.facebook.com\/campingmenina\" \/>\n<meta name=\"twitter:card\" content=\"summary_large_image\" \/>\n<meta name=\"twitter:label1\" content=\"Gesch\u00e4tzte Lesezeit\" \/>\n\t<meta name=\"twitter:data1\" content=\"3\u00a0Minuten\" \/>\n<script type=\"application\/ld+json\" class=\"yoast-schema-graph\">{\"@context\":\"https:\/\/schema.org\",\"@graph\":[{\"@type\":\"WebPage\",\"@id\":\"https:\/\/funparkmenina.com\/de\/ruckerstattung-und-ruckgabebedingungen\/\",\"url\":\"https:\/\/funparkmenina.com\/de\/ruckerstattung-und-ruckgabebedingungen\/\",\"name\":\"R\u00fcckerstattung und R\u00fcckgabebedingungen - Fun Park Menina\",\"isPartOf\":{\"@id\":\"https:\/\/funparkmenina.com\/#website\"},\"datePublished\":\"2024-12-20T11:46:37+00:00\",\"breadcrumb\":{\"@id\":\"https:\/\/funparkmenina.com\/de\/ruckerstattung-und-ruckgabebedingungen\/#breadcrumb\"},\"inLanguage\":\"de\",\"potentialAction\":[{\"@type\":\"ReadAction\",\"target\":[\"https:\/\/funparkmenina.com\/de\/ruckerstattung-und-ruckgabebedingungen\/\"]}]},{\"@type\":\"BreadcrumbList\",\"@id\":\"https:\/\/funparkmenina.com\/de\/ruckerstattung-und-ruckgabebedingungen\/#breadcrumb\",\"itemListElement\":[{\"@type\":\"ListItem\",\"position\":1,\"name\":\"Home\",\"item\":\"https:\/\/funparkmenina.com\/\"},{\"@type\":\"ListItem\",\"position\":2,\"name\":\"R\u00fcckerstattung und R\u00fcckgabebedingungen\"}]},{\"@type\":\"WebSite\",\"@id\":\"https:\/\/funparkmenina.com\/#website\",\"url\":\"https:\/\/funparkmenina.com\/\",\"name\":\"Fun Park Menina\",\"description\":\"\",\"publisher\":{\"@id\":\"https:\/\/funparkmenina.com\/#organization\"},\"potentialAction\":[{\"@type\":\"SearchAction\",\"target\":{\"@type\":\"EntryPoint\",\"urlTemplate\":\"https:\/\/funparkmenina.com\/?s={search_term_string}\"},\"query-input\":{\"@type\":\"PropertyValueSpecification\",\"valueRequired\":true,\"valueName\":\"search_term_string\"}}],\"inLanguage\":\"de\"},{\"@type\":\"Organization\",\"@id\":\"https:\/\/funparkmenina.com\/#organization\",\"name\":\"Fun Park Menina\",\"url\":\"https:\/\/funparkmenina.com\/\",\"logo\":{\"@type\":\"ImageObject\",\"inLanguage\":\"de\",\"@id\":\"https:\/\/funparkmenina.com\/#\/schema\/logo\/image\/\",\"url\":\"https:\/\/funparkmenina.com\/wp-content\/uploads\/2024\/04\/funParkMenina-logo.svg\",\"contentUrl\":\"https:\/\/funparkmenina.com\/wp-content\/uploads\/2024\/04\/funParkMenina-logo.svg\",\"width\":50,\"height\":35,\"caption\":\"Fun Park Menina\"},\"image\":{\"@id\":\"https:\/\/funparkmenina.com\/#\/schema\/logo\/image\/\"},\"sameAs\":[\"https:\/\/www.facebook.com\/campingmenina\",\"https:\/\/www.instagram.com\/campingmenina\/\",\"https:\/\/www.tripadvisor.com\/Hotel_Review-g3207627-d7153990-Reviews-Camping_Menina-Ljubno_Styria_Region.html?m=19905\",\"https:\/\/www.youtube.com\/channel\/UCwW3NXEpx6yvGZdbwv5P2yw\"]}]}<\/script>\n<!-- \/ Yoast SEO plugin. -->","yoast_head_json":{"title":"R\u00fcckerstattung und R\u00fcckgabebedingungen - Fun Park Menina","robots":{"index":"index","follow":"follow","max-snippet":"max-snippet:-1","max-image-preview":"max-image-preview:large","max-video-preview":"max-video-preview:-1"},"canonical":"https:\/\/funparkmenina.com\/de\/ruckerstattung-und-ruckgabebedingungen\/","og_locale":"de_DE","og_type":"article","og_title":"R\u00fcckerstattung und R\u00fcckgabebedingungen - Fun Park Menina","og_description":"Dies ist eine Beispielseite. Overview Unser Erstattungs- und R\u00fcckgaberecht betr\u00e4gt 30 Tage. Wenn seit Ihrem Kauf 30 Tage vergangen sind, k\u00f6nnen wir Ihnen weder eine volle R\u00fcckerstattung noch einen Umtausch anbieten. Um f\u00fcr eine R\u00fcckgabe in Frage zu kommen, muss Ihr Artikel unbenutzt sein und sich im selben Zustand befinden, in dem Sie ihn erhalten [&hellip;]","og_url":"https:\/\/funparkmenina.com\/de\/ruckerstattung-und-ruckgabebedingungen\/","og_site_name":"Fun Park Menina","article_publisher":"https:\/\/www.facebook.com\/campingmenina","twitter_card":"summary_large_image","twitter_misc":{"Gesch\u00e4tzte Lesezeit":"3\u00a0Minuten"},"schema":{"@context":"https:\/\/schema.org","@graph":[{"@type":"WebPage","@id":"https:\/\/funparkmenina.com\/de\/ruckerstattung-und-ruckgabebedingungen\/","url":"https:\/\/funparkmenina.com\/de\/ruckerstattung-und-ruckgabebedingungen\/","name":"R\u00fcckerstattung und R\u00fcckgabebedingungen - Fun Park Menina","isPartOf":{"@id":"https:\/\/funparkmenina.com\/#website"},"datePublished":"2024-12-20T11:46:37+00:00","breadcrumb":{"@id":"https:\/\/funparkmenina.com\/de\/ruckerstattung-und-ruckgabebedingungen\/#breadcrumb"},"inLanguage":"de","potentialAction":[{"@type":"ReadAction","target":["https:\/\/funparkmenina.com\/de\/ruckerstattung-und-ruckgabebedingungen\/"]}]},{"@type":"BreadcrumbList","@id":"https:\/\/funparkmenina.com\/de\/ruckerstattung-und-ruckgabebedingungen\/#breadcrumb","itemListElement":[{"@type":"ListItem","position":1,"name":"Home","item":"https:\/\/funparkmenina.com\/"},{"@type":"ListItem","position":2,"name":"R\u00fcckerstattung und R\u00fcckgabebedingungen"}]},{"@type":"WebSite","@id":"https:\/\/funparkmenina.com\/#website","url":"https:\/\/funparkmenina.com\/","name":"Fun Park Menina","description":"","publisher":{"@id":"https:\/\/funparkmenina.com\/#organization"},"potentialAction":[{"@type":"SearchAction","target":{"@type":"EntryPoint","urlTemplate":"https:\/\/funparkmenina.com\/?s={search_term_string}"},"query-input":{"@type":"PropertyValueSpecification","valueRequired":true,"valueName":"search_term_string"}}],"inLanguage":"de"},{"@type":"Organization","@id":"https:\/\/funparkmenina.com\/#organization","name":"Fun Park Menina","url":"https:\/\/funparkmenina.com\/","logo":{"@type":"ImageObject","inLanguage":"de","@id":"https:\/\/funparkmenina.com\/#\/schema\/logo\/image\/","url":"https:\/\/funparkmenina.com\/wp-content\/uploads\/2024\/04\/funParkMenina-logo.svg","contentUrl":"https:\/\/funparkmenina.com\/wp-content\/uploads\/2024\/04\/funParkMenina-logo.svg","width":50,"height":35,"caption":"Fun Park Menina"},"image":{"@id":"https:\/\/funparkmenina.com\/#\/schema\/logo\/image\/"},"sameAs":["https:\/\/www.facebook.com\/campingmenina","https:\/\/www.instagram.com\/campingmenina\/","https:\/\/www.tripadvisor.com\/Hotel_Review-g3207627-d7153990-Reviews-Camping_Menina-Ljubno_Styria_Region.html?m=19905","https:\/\/www.youtube.com\/channel\/UCwW3NXEpx6yvGZdbwv5P2yw"]}]}},"_links":{"self":[{"href":"https:\/\/funparkmenina.com\/de\/wp-json\/wp\/v2\/pages\/3443","targetHints":{"allow":["GET"]}}],"collection":[{"href":"https:\/\/funparkmenina.com\/de\/wp-json\/wp\/v2\/pages"}],"about":[{"href":"https:\/\/funparkmenina.com\/de\/wp-json\/wp\/v2\/types\/page"}],"author":[{"embeddable":true,"href":"https:\/\/funparkmenina.com\/de\/wp-json\/wp\/v2\/users\/1"}],"replies":[{"embeddable":true,"href":"https:\/\/funparkmenina.com\/de\/wp-json\/wp\/v2\/comments?post=3443"}],"version-history":[{"count":1,"href":"https:\/\/funparkmenina.com\/de\/wp-json\/wp\/v2\/pages\/3443\/revisions"}],"predecessor-version":[{"id":4569,"href":"https:\/\/funparkmenina.com\/de\/wp-json\/wp\/v2\/pages\/3443\/revisions\/4569"}],"wp:attachment":[{"href":"https:\/\/funparkmenina.com\/de\/wp-json\/wp\/v2\/media?parent=3443"}],"curies":[{"name":"wp","href":"https:\/\/api.w.org\/{rel}","templated":true}]}}