{"id":3440,"date":"2024-04-16T08:31:09","date_gmt":"2024-04-16T08:31:09","guid":{"rendered":"https:\/\/funparkmenina.com\/allgemeine-bedingungen-und-konditionen\/"},"modified":"2025-10-02T10:12:46","modified_gmt":"2025-10-02T10:12:46","slug":"allgemeine-bedingungen-und-konditionen","status":"publish","type":"page","link":"https:\/\/funparkmenina.com\/de\/allgemeine-bedingungen-und-konditionen\/","title":{"rendered":"Allgemeine Bedingungen und Konditionen"},"content":{"rendered":"\t\t<div data-elementor-type=\"wp-page\" data-elementor-id=\"3440\" class=\"elementor elementor-3440 elementor-3\" data-elementor-post-type=\"page\">\n\t\t\t\t<div class=\"elementor-element elementor-element-b122657 e-flex e-con-boxed e-con e-parent\" data-id=\"b122657\" data-element_type=\"container\" data-e-type=\"container\" data-settings=\"{&quot;background_background&quot;:&quot;classic&quot;}\">\n\t\t\t\t\t<div class=\"e-con-inner\">\n\t\t\t\t<div class=\"elementor-element elementor-element-2ba2cde elementor-invisible elementor-widget elementor-widget-heading\" data-id=\"2ba2cde\" data-element_type=\"widget\" data-e-type=\"widget\" data-settings=\"{&quot;_animation&quot;:&quot;fadeInRight&quot;}\" data-widget_type=\"heading.default\">\n\t\t\t\t<div class=\"elementor-widget-container\">\n\t\t\t\t\t<h1 class=\"elementor-heading-title elementor-size-default\">Allgemeine<span class=\"text-outline-white-2\"> Bedingungen und Konditionen <\/span> <\/h1>\t\t\t\t<\/div>\n\t\t\t\t<\/div>\n\t\t\t\t\t<\/div>\n\t\t\t\t<\/div>\n\t\t<div class=\"elementor-element elementor-element-19ae9ff e-flex e-con-boxed e-con e-parent\" data-id=\"19ae9ff\" data-element_type=\"container\" data-e-type=\"container\">\n\t\t\t\t\t<div class=\"e-con-inner\">\n\t\t\t\t<div class=\"elementor-element elementor-element-f704826 elementor-widget elementor-widget-text-editor\" data-id=\"f704826\" data-element_type=\"widget\" data-e-type=\"widget\" data-widget_type=\"text-editor.default\">\n\t\t\t\t<div class=\"elementor-widget-container\">\n\t\t\t\t\t\t\t\t\t<p>Diese Allgemeinen Bedingungen und die Reisehinweise sind ein wesentlicher Bestandteil des Vertrags. einen Empfehlungs-\/Gutscheinvertrag zwischen Funpark Menina (Kamp Menina d.o.o. &#8211; im Folgenden Funpark Menina genannt) und dem Kunden der Dienstleistungen.<\/p><p>Die Allgemeinen Gesch\u00e4ftsbedingungen gelten nur f\u00fcr Dienstleistungen, die von Funpark Menina organisiert werden, es sei denn, es wird ausdr\u00fccklich darauf hingewiesen, dass sie auch f\u00fcr den Verkauf von Arrangements anderer Veranstalter gelten.<\/p><p>F\u00fcr den Fall, dass die Besonderen Gesch\u00e4ftsbedingungen oder ein bestimmtes Programm in Bezug auf einen Punkt dieser Allgemeinen Gesch\u00e4ftsbedingungen und der Anweisungen etwas anderes vorsehen, gilt das Folgende. die in dem Programm festgelegten Bestimmungen.<\/p><p>Im Falle eines Telefon- oder Internetverkaufs wird davon ausgegangen, dass der Reisende die Bestimmungen dieser Allgemeinen Gesch\u00e4ftsbedingungen akzeptiert, wenn er die Leistungen von Funpark Menine telefonisch oder \u00fcber das Internet per E-Mail bestellt und best\u00e4tigt hat. Die Bestimmungen der Allgemeinen Gesch\u00e4ftsbedingungen und der Anleitungen k\u00f6nnen vom Kunden auf der Website eingesehen werden, wo sie besonders gekennzeichnet und allgemein zug\u00e4nglich sind.<\/p><p>Der Kunde ist jede Person, die eine g\u00fcltige Reservierung oder einen Kauf und eine Zahlung f\u00fcr die Dienstleistungen von Kamp Menina d.o.o. get\u00e4tigt hat und f\u00fcr die diese Allgemeinen Gesch\u00e4ftsbedingungen und die Anweisungen f\u00fcr touristische Arrangements gelten.<\/p><p><strong>GESCHENKGUTSCHEINE<\/strong><\/p><p>Geschenkgutscheine sind ab Kaufdatum ein Jahr lang g\u00fcltig.<\/p><p><strong>STORNIERUNG ODER \u00c4NDERUNG DER REISE DURCH DEN KUNDEN<\/strong><\/p><p>Der Kunde hat das Recht, die Dienstleistung zu stornieren, indem er sich an die Person oder Einrichtung wendet, bei der die Dienstleistung bestellt wurde. Im Falle einer Stornierung durch den Kunden hat Funpark Menina Anspruch auf Erstattung der Stornierungskosten. Die H\u00f6he der R\u00fcckerstattung h\u00e4ngt von der Zeit ab, die der Kunde ben\u00f6tigt, um die Stornierung einzureichen, die schriftlich erfolgen muss. Im Falle einer Stornierung ist der Fahrgast verpflichtet, Funpark Menina die Verwaltungskosten in H\u00f6he von \u20ac 10,00 pro Person zu erstatten. Die H\u00f6he der Stornierungserstattung h\u00e4ngt von der Zeit vor dem Beginn der Dienstleistung ab, in der der Kunde die Stornierung eingereicht oder die Reise anderweitig abgesagt hat:<\/p><p>&#8211; 45 bis 30 Tage vor Beginn der Dienstleistung &#8211; 10% des Paketpreises<br \/>&#8211; 29 bis 22 Tage vor Beginn der Dienstleistung &#8211; 20% des Paketpreises<br \/>&#8211; 21 bis 15 Tage vor Beginn der Dienstleistung &#8211; 30% des Paketpreises<br \/>&#8211; 14 bis 8 Tage vor dem Starttermin &#8211; 50% des Paketpreises<br \/>&#8211; 7 bis einen Werktag vor 20:00 Uhr am Tag vor Beginn der Dienstleistung &#8211; 80% des Paketpreises<br \/>&#8211; Stornierung am Tag der Abreise oder Nichterscheinen ohne Stornierung 100% des Paketpreises.<\/p><p>Ungeachtet der oben genannten Stornierungskosten k\u00f6nnen diese h\u00f6her ausfallen, wenn die Bedingungen des Reisearrangements, die in den Verkaufsbedingungen von Funpark Menini und seinen Gesch\u00e4ftspartnern festgelegt sind, dies erfordern. Wenn die Bedingungen f\u00fcr die Erstattung von Kosten aufgrund der Stornierung einer Reise im Programm anders festgelegt sind, gelten die im Programm festgelegten Bedingungen.<\/p><p>Bei Stornierung der Dienstleistungen muss der Kunde ein vom Verk\u00e4ufer zur Unterschrift angebotenes Stornierungsdokument unterzeichnen. Wenn er\/sie sich weigert, dieses Dokument zu unterschreiben, wird davon ausgegangen, dass er\/sie den Dienst nicht storniert hat.<\/p><p>Wenn der Kunde das Programm w\u00e4hrend seiner Ausf\u00fchrung abbricht, hat er keinen Anspruch auf eine teilweise oder vollst\u00e4ndige Erstattung der Kosten oder des Kaufpreises.<\/p><p>Im Falle einer \u00c4nderung des Programms auf Wunsch des Fahrgastes oder aufgrund h\u00f6herer Gewalt, ohne dass Funpark Menina einen Grund f\u00fcr die fehlerhafte Leistung hat, hat der Fahrgast keinen Anspruch auf eine Entsch\u00e4digung oder eine Preisminderung.<\/p><p><strong>STORNIERUNG ODER \u00c4NDERUNG DES PROGRAMMS<\/strong><\/p><p>Funpark Menina beh\u00e4lt sich das Recht vor, Dienstleistungen in \u00dcbereinstimmung mit dem geltenden Recht zu stornieren oder zu \u00e4ndern.<\/p><p>Funpark Menina beh\u00e4lt sich das Recht vor, ganz oder teilweise vom Vertrag zur\u00fcckzutreten, wenn vor oder w\u00e4hrend der Durchf\u00fchrung des Programms au\u00dfergew\u00f6hnliche Umst\u00e4nde eintreten, die nicht vorhergesehen, beseitigt oder vermieden werden konnten und die f\u00fcr Funpark Menina einen triftigen Grund darstellen, den Vertrag nicht abzuschlie\u00dfen, wenn sie zum Zeitpunkt des Vertragsabschlusses bestanden h\u00e4tten.<\/p><p>Funpark Menina kann den Vertrag k\u00fcndigen oder vom Vertrag zur\u00fccktreten und Schadensersatz von einem Kunden verlangen, der unmittelbar gegen die Bestimmungen des mit Funpark Menina geschlossenen Vertrages verst\u00f6\u00dft, insbesondere wenn festgestellt wird, dass der Kunde die Anzahl der Fahrg\u00e4ste oder deren Alter vors\u00e4tzlich falsch angegeben hat, oder wenn im Verlauf des Programms \u00c4nderungen vorgenommen wurden und der Kunde Funpark Menina nicht dar\u00fcber informiert hat.<\/p><p>Funpark Menina kann nicht f\u00fcr \u00c4nderungen des Programms aufgrund h\u00f6herer Gewalt w\u00e4hrend des Programms verantwortlich gemacht werden. In diesen F\u00e4llen kann er den Fahrg\u00e4sten im Rahmen der bestehenden M\u00f6glichkeiten Dienstleistungen in abgewandelter Form anbieten.<\/p><p>Falls Funpark Menina den Dienst storniert, hat der Abonnent Anspruch auf eine vollst\u00e4ndige Erstattung des f\u00fcr den bestellten Dienst gezahlten Preises.<\/p><p>Funpark Menina haftet weder f\u00fcr Versp\u00e4tungen von Flugzeugen, Schiffen, Z\u00fcgen oder Bussen noch f\u00fcr \u00c4nderungen des Programms, die sich aus solchen Versp\u00e4tungen ergeben.<\/p><p>Sollte es die Situation vor Ort nicht zulassen, dass Funpark Menina den Kunden in der bestellten Einrichtung unterbringt, kann Funpark Menina den Kunden am selben Ort in einer anderen Einrichtung der gleichen Kategorie unterbringen.<\/p><p><strong>LEISTUNGSABRECHNUNG<\/strong><\/p><p>Die Dienstleistungen werden gem\u00e4\u00df dem vorliegenden, vom Kunden genehmigten Angebot in Rechnung gestellt. Der Kunde ist verpflichtet, jede \u00c4nderung der Teilnehmerzahl, die von dem best\u00e4tigten Angebot abweicht, mindestens 48 Stunden vor der Veranstaltung mitzuteilen und die endg\u00fcltige Teilnehmerzahl mitzuteilen.<\/p><p>Sollte die Anzahl der Teilnehmer an der Veranstaltung geringer sein als die im best\u00e4tigten Angebot angegebene Teilnehmerzahl, erfolgt die Abrechnung gem\u00e4\u00df dem best\u00e4tigten Angebot und der Kunde hat keinen Anspruch auf Erstattung der Kosten, die sich aus der Differenz der tats\u00e4chlichen Teilnehmerzahl ergeben. Sollte die Teilnehmerzahl h\u00f6her sein als die im urspr\u00fcnglichen Angebot vereinbarte, kann Funpark Menina zus\u00e4tzliche Kosten in Rechnung stellen oder vom Vertrag zur\u00fccktreten, wenn er aufgrund der Art der einzelnen Aktivit\u00e4ten keine ausreichende Sicherheit gew\u00e4hrleisten kann.<\/p>\t\t\t\t\t\t\t\t<\/div>\n\t\t\t\t<\/div>\n\t\t\t\t\t<\/div>\n\t\t\t\t<\/div>\n\t\t\t\t<\/div>\n\t\t","protected":false},"excerpt":{"rendered":"<p>Allgemeine Bedingungen und Konditionen Diese Allgemeinen Bedingungen und die Reisehinweise sind ein wesentlicher Bestandteil des Vertrags. einen Empfehlungs-\/Gutscheinvertrag zwischen Funpark Menina (Kamp Menina d.o.o. &#8211; im Folgenden Funpark Menina genannt) und dem Kunden der Dienstleistungen. Die Allgemeinen Gesch\u00e4ftsbedingungen gelten nur f\u00fcr Dienstleistungen, die von Funpark Menina organisiert werden, es sei denn, es wird ausdr\u00fccklich darauf [&hellip;]<\/p>\n","protected":false},"author":1,"featured_media":0,"parent":0,"menu_order":0,"comment_status":"closed","ping_status":"closed","template":"elementor_header_footer","meta":{"footnotes":""},"class_list":["post-3440","page","type-page","status-publish","hentry"],"yoast_head":"<!-- This site is optimized with the Yoast SEO plugin v27.0 - https:\/\/yoast.com\/product\/yoast-seo-wordpress\/ -->\n<title>Allgemeine Bedingungen und Konditionen - Fun Park Menina<\/title>\n<meta name=\"robots\" content=\"index, follow, max-snippet:-1, max-image-preview:large, max-video-preview:-1\" \/>\n<link rel=\"canonical\" href=\"https:\/\/funparkmenina.com\/splosni-pogoji\/\" \/>\n<meta property=\"og:locale\" content=\"de_DE\" \/>\n<meta property=\"og:type\" content=\"article\" \/>\n<meta property=\"og:title\" content=\"Allgemeine Bedingungen und Konditionen - Fun Park Menina\" \/>\n<meta property=\"og:description\" content=\"Allgemeine Bedingungen und Konditionen Diese Allgemeinen Bedingungen und die Reisehinweise sind ein wesentlicher Bestandteil des Vertrags. einen Empfehlungs-\/Gutscheinvertrag zwischen Funpark Menina (Kamp Menina d.o.o. &#8211; im Folgenden Funpark Menina genannt) und dem Kunden der Dienstleistungen. Die Allgemeinen Gesch\u00e4ftsbedingungen gelten nur f\u00fcr Dienstleistungen, die von Funpark Menina organisiert werden, es sei denn, es wird ausdr\u00fccklich darauf [&hellip;]\" \/>\n<meta property=\"og:url\" content=\"https:\/\/funparkmenina.com\/splosni-pogoji\/\" \/>\n<meta property=\"og:site_name\" content=\"Fun Park Menina\" \/>\n<meta property=\"article:publisher\" content=\"https:\/\/www.facebook.com\/campingmenina\" \/>\n<meta property=\"article:modified_time\" content=\"2025-10-02T10:12:46+00:00\" \/>\n<meta name=\"twitter:card\" content=\"summary_large_image\" \/>\n<meta name=\"twitter:label1\" content=\"Gesch\u00e4tzte Lesezeit\" \/>\n\t<meta name=\"twitter:data1\" content=\"6\u00a0Minuten\" \/>\n<script type=\"application\/ld+json\" class=\"yoast-schema-graph\">{\"@context\":\"https:\/\/schema.org\",\"@graph\":[{\"@type\":\"WebPage\",\"@id\":\"https:\/\/funparkmenina.com\/splosni-pogoji\/\",\"url\":\"https:\/\/funparkmenina.com\/splosni-pogoji\/\",\"name\":\"Allgemeine Bedingungen und Konditionen - Fun Park Menina\",\"isPartOf\":{\"@id\":\"https:\/\/funparkmenina.com\/#website\"},\"datePublished\":\"2024-04-16T08:31:09+00:00\",\"dateModified\":\"2025-10-02T10:12:46+00:00\",\"breadcrumb\":{\"@id\":\"https:\/\/funparkmenina.com\/splosni-pogoji\/#breadcrumb\"},\"inLanguage\":\"de\",\"potentialAction\":[{\"@type\":\"ReadAction\",\"target\":[\"https:\/\/funparkmenina.com\/splosni-pogoji\/\"]}]},{\"@type\":\"BreadcrumbList\",\"@id\":\"https:\/\/funparkmenina.com\/splosni-pogoji\/#breadcrumb\",\"itemListElement\":[{\"@type\":\"ListItem\",\"position\":1,\"name\":\"Home\",\"item\":\"https:\/\/funparkmenina.com\/\"},{\"@type\":\"ListItem\",\"position\":2,\"name\":\"Allgemeine Bedingungen und Konditionen\"}]},{\"@type\":\"WebSite\",\"@id\":\"https:\/\/funparkmenina.com\/#website\",\"url\":\"https:\/\/funparkmenina.com\/\",\"name\":\"Fun Park Menina\",\"description\":\"\",\"publisher\":{\"@id\":\"https:\/\/funparkmenina.com\/#organization\"},\"potentialAction\":[{\"@type\":\"SearchAction\",\"target\":{\"@type\":\"EntryPoint\",\"urlTemplate\":\"https:\/\/funparkmenina.com\/?s={search_term_string}\"},\"query-input\":{\"@type\":\"PropertyValueSpecification\",\"valueRequired\":true,\"valueName\":\"search_term_string\"}}],\"inLanguage\":\"de\"},{\"@type\":\"Organization\",\"@id\":\"https:\/\/funparkmenina.com\/#organization\",\"name\":\"Fun Park Menina\",\"url\":\"https:\/\/funparkmenina.com\/\",\"logo\":{\"@type\":\"ImageObject\",\"inLanguage\":\"de\",\"@id\":\"https:\/\/funparkmenina.com\/#\/schema\/logo\/image\/\",\"url\":\"https:\/\/funparkmenina.com\/wp-content\/uploads\/2024\/04\/funParkMenina-logo.svg\",\"contentUrl\":\"https:\/\/funparkmenina.com\/wp-content\/uploads\/2024\/04\/funParkMenina-logo.svg\",\"width\":50,\"height\":35,\"caption\":\"Fun Park Menina\"},\"image\":{\"@id\":\"https:\/\/funparkmenina.com\/#\/schema\/logo\/image\/\"},\"sameAs\":[\"https:\/\/www.facebook.com\/campingmenina\",\"https:\/\/www.instagram.com\/campingmenina\/\",\"https:\/\/www.tripadvisor.com\/Hotel_Review-g3207627-d7153990-Reviews-Camping_Menina-Ljubno_Styria_Region.html?m=19905\",\"https:\/\/www.youtube.com\/channel\/UCwW3NXEpx6yvGZdbwv5P2yw\"]}]}<\/script>\n<!-- \/ Yoast SEO plugin. -->","yoast_head_json":{"title":"Allgemeine Bedingungen und Konditionen - Fun Park Menina","robots":{"index":"index","follow":"follow","max-snippet":"max-snippet:-1","max-image-preview":"max-image-preview:large","max-video-preview":"max-video-preview:-1"},"canonical":"https:\/\/funparkmenina.com\/splosni-pogoji\/","og_locale":"de_DE","og_type":"article","og_title":"Allgemeine Bedingungen und Konditionen - Fun Park Menina","og_description":"Allgemeine Bedingungen und Konditionen Diese Allgemeinen Bedingungen und die Reisehinweise sind ein wesentlicher Bestandteil des Vertrags. einen Empfehlungs-\/Gutscheinvertrag zwischen Funpark Menina (Kamp Menina d.o.o. &#8211; im Folgenden Funpark Menina genannt) und dem Kunden der Dienstleistungen. Die Allgemeinen Gesch\u00e4ftsbedingungen gelten nur f\u00fcr Dienstleistungen, die von Funpark Menina organisiert werden, es sei denn, es wird ausdr\u00fccklich darauf [&hellip;]","og_url":"https:\/\/funparkmenina.com\/splosni-pogoji\/","og_site_name":"Fun Park Menina","article_publisher":"https:\/\/www.facebook.com\/campingmenina","article_modified_time":"2025-10-02T10:12:46+00:00","twitter_card":"summary_large_image","twitter_misc":{"Gesch\u00e4tzte Lesezeit":"6\u00a0Minuten"},"schema":{"@context":"https:\/\/schema.org","@graph":[{"@type":"WebPage","@id":"https:\/\/funparkmenina.com\/splosni-pogoji\/","url":"https:\/\/funparkmenina.com\/splosni-pogoji\/","name":"Allgemeine Bedingungen und Konditionen - Fun Park Menina","isPartOf":{"@id":"https:\/\/funparkmenina.com\/#website"},"datePublished":"2024-04-16T08:31:09+00:00","dateModified":"2025-10-02T10:12:46+00:00","breadcrumb":{"@id":"https:\/\/funparkmenina.com\/splosni-pogoji\/#breadcrumb"},"inLanguage":"de","potentialAction":[{"@type":"ReadAction","target":["https:\/\/funparkmenina.com\/splosni-pogoji\/"]}]},{"@type":"BreadcrumbList","@id":"https:\/\/funparkmenina.com\/splosni-pogoji\/#breadcrumb","itemListElement":[{"@type":"ListItem","position":1,"name":"Home","item":"https:\/\/funparkmenina.com\/"},{"@type":"ListItem","position":2,"name":"Allgemeine Bedingungen und Konditionen"}]},{"@type":"WebSite","@id":"https:\/\/funparkmenina.com\/#website","url":"https:\/\/funparkmenina.com\/","name":"Fun Park Menina","description":"","publisher":{"@id":"https:\/\/funparkmenina.com\/#organization"},"potentialAction":[{"@type":"SearchAction","target":{"@type":"EntryPoint","urlTemplate":"https:\/\/funparkmenina.com\/?s={search_term_string}"},"query-input":{"@type":"PropertyValueSpecification","valueRequired":true,"valueName":"search_term_string"}}],"inLanguage":"de"},{"@type":"Organization","@id":"https:\/\/funparkmenina.com\/#organization","name":"Fun Park Menina","url":"https:\/\/funparkmenina.com\/","logo":{"@type":"ImageObject","inLanguage":"de","@id":"https:\/\/funparkmenina.com\/#\/schema\/logo\/image\/","url":"https:\/\/funparkmenina.com\/wp-content\/uploads\/2024\/04\/funParkMenina-logo.svg","contentUrl":"https:\/\/funparkmenina.com\/wp-content\/uploads\/2024\/04\/funParkMenina-logo.svg","width":50,"height":35,"caption":"Fun Park Menina"},"image":{"@id":"https:\/\/funparkmenina.com\/#\/schema\/logo\/image\/"},"sameAs":["https:\/\/www.facebook.com\/campingmenina","https:\/\/www.instagram.com\/campingmenina\/","https:\/\/www.tripadvisor.com\/Hotel_Review-g3207627-d7153990-Reviews-Camping_Menina-Ljubno_Styria_Region.html?m=19905","https:\/\/www.youtube.com\/channel\/UCwW3NXEpx6yvGZdbwv5P2yw"]}]}},"_links":{"self":[{"href":"https:\/\/funparkmenina.com\/de\/wp-json\/wp\/v2\/pages\/3440","targetHints":{"allow":["GET"]}}],"collection":[{"href":"https:\/\/funparkmenina.com\/de\/wp-json\/wp\/v2\/pages"}],"about":[{"href":"https:\/\/funparkmenina.com\/de\/wp-json\/wp\/v2\/types\/page"}],"author":[{"embeddable":true,"href":"https:\/\/funparkmenina.com\/de\/wp-json\/wp\/v2\/users\/1"}],"replies":[{"embeddable":true,"href":"https:\/\/funparkmenina.com\/de\/wp-json\/wp\/v2\/comments?post=3440"}],"version-history":[{"count":3,"href":"https:\/\/funparkmenina.com\/de\/wp-json\/wp\/v2\/pages\/3440\/revisions"}],"predecessor-version":[{"id":5490,"href":"https:\/\/funparkmenina.com\/de\/wp-json\/wp\/v2\/pages\/3440\/revisions\/5490"}],"wp:attachment":[{"href":"https:\/\/funparkmenina.com\/de\/wp-json\/wp\/v2\/media?parent=3440"}],"curies":[{"name":"wp","href":"https:\/\/api.w.org\/{rel}","templated":true}]}}