{"id":3286,"date":"2024-06-03T07:30:59","date_gmt":"2024-06-03T07:30:59","guid":{"rendered":"https:\/\/funparkmenina.com\/erklaerung-zu-privatsphaere-und-datenschutz\/"},"modified":"2024-06-06T08:41:13","modified_gmt":"2024-06-06T08:41:13","slug":"erklaerung-zu-privatsphaere-und-datenschutz","status":"publish","type":"page","link":"https:\/\/funparkmenina.com\/de\/erklaerung-zu-privatsphaere-und-datenschutz\/","title":{"rendered":"Erkl\u00e4rung zu Privatsph\u00e4re und Datenschutz"},"content":{"rendered":"\t\t<div data-elementor-type=\"wp-page\" data-elementor-id=\"3286\" class=\"elementor elementor-3286 elementor-2973\" data-elementor-post-type=\"page\">\n\t\t\t\t<div class=\"elementor-element elementor-element-b122657 e-flex e-con-boxed e-con e-parent\" data-id=\"b122657\" data-element_type=\"container\" data-e-type=\"container\" data-settings=\"{&quot;background_background&quot;:&quot;classic&quot;}\">\n\t\t\t\t\t<div class=\"e-con-inner\">\n\t\t\t\t<div class=\"elementor-element elementor-element-2ba2cde elementor-invisible elementor-widget elementor-widget-heading\" data-id=\"2ba2cde\" data-element_type=\"widget\" data-e-type=\"widget\" data-settings=\"{&quot;_animation&quot;:&quot;fadeInRight&quot;}\" data-widget_type=\"heading.default\">\n\t\t\t\t<div class=\"elementor-widget-container\">\n\t\t\t\t\t<h1 class=\"elementor-heading-title elementor-size-default\">ERKL\u00c4RUNG ZUM SCHUTZ DER PRIVATSPH\u00c4RE UND DES DATENSCHUTZES<\/h1>\t\t\t\t<\/div>\n\t\t\t\t<\/div>\n\t\t\t\t\t<\/div>\n\t\t\t\t<\/div>\n\t\t<div class=\"elementor-element elementor-element-19ae9ff e-flex e-con-boxed e-con e-parent\" data-id=\"19ae9ff\" data-element_type=\"container\" data-e-type=\"container\">\n\t\t\t\t\t<div class=\"e-con-inner\">\n\t\t\t\t<div class=\"elementor-element elementor-element-f704826 elementor-widget elementor-widget-text-editor\" data-id=\"f704826\" data-element_type=\"widget\" data-e-type=\"widget\" data-widget_type=\"text-editor.default\">\n\t\t\t\t<div class=\"elementor-widget-container\">\n\t\t\t\t\t\t\t\t\t<p>Die Datenschutzerkl\u00e4rung wird herausgegeben von Funpark Menina, Kamp Menina d.o.o., Varpolje 105, 3332 Re\u010dica ob Savinji, mit der Steuernummer SI18765416 und der Registrierungsnummer: 1722654000.<br \/>Indem Sie auf die Website zugreifen oder sie nutzen, erkl\u00e4ren Sie sich mit der Datenschutzerkl\u00e4rung und den Allgemeinen Gesch\u00e4ftsbedingungen einverstanden. Wenn Sie damit nicht einverstanden sind, verlassen Sie bitte die Website und nutzen Sie sie nicht weiter. Wenn Sie Fragen zur Nutzung der Website haben, kontaktieren Sie uns bitte per E-Mail: info@funparkmenina.com<\/p>\n<p><strong>Definitionen der in der Erkl\u00e4rung verwendeten Begriffe:<\/strong><br \/>&#8211; &#8222;Unternehmen&#8220;: erkl\u00e4rt Funpark Menina, Kamp Menina d.o.o., Varpolje 105, 3332 Re\u010dica ob Savinji, Slowenien<br \/>&#8211; &#8222;Website&#8220;: die Website unter funparkmenina.com oder jeder andere Link, der sie ersetzt;<br \/>&#8211; &#8222;Sie&#8220;: der Nutzer der Website und\/oder des Online-Shops;<br \/>&#8211; &#8222;Nutzer&#8220;: der Nutzer der Website und\/oder des Online-Shops, unabh\u00e4ngig vom Geschlecht;<br \/>&#8211; &#8222;Cookies&#8220;: kleine Textdateien, die auf der Festplatte Ihres Computers gespeichert werden, wenn Sie unsere Website besuchen, und die es uns erm\u00f6glichen, Informationen \u00fcber Ihre Aktivit\u00e4ten auf der Website zu sammeln und Ihren Computer zu identifizieren;<br \/>&#8211; &#8222;Pers\u00f6nliche Daten&#8220;: die uns von Ihnen zur Verf\u00fcgung gestellten Daten und alle Informationen, die sich auf Ihr Verhalten auf der Website beziehen.<\/p>\n<p><b><br \/>PERS\u00d6NLICHER DATENSCHUTZ<\/b>Funpark Menina, Kamp Menina d.o.o., respektiert Ihr Recht auf Privatsph\u00e4re und strebt das h\u00f6chste Niveau des Schutzes Ihrer pers\u00f6nlichen Daten an.<b><\/b> Daher sind wir verpflichtet, bei der Erbringung unserer Dienstleistungen \u00fcber diese Website in \u00dcbereinstimmung mit den Gesetzen und Vorschriften zum Schutz personenbezogener Daten zu handeln, insbesondere mit dem Gesetz zum Schutz personenbezogener Daten, dem Gesetz \u00fcber elektronische Kommunikation und der Allgemeinen Datenschutzverordnung der EU in der jeweils geltenden Fassung. Zweck dieser Datenschutzerkl\u00e4rung ist es, Sie dar\u00fcber zu informieren, zu welchen Zwecken Ihre personenbezogenen Daten erhoben werden, wie sie verwendet werden, welche Rechte Sie in Bezug auf die von uns \u00fcber Sie gespeicherten Daten haben und wie Sie diese aus\u00fcben k\u00f6nnen.Das Unternehmen verpflichtet sich, die von Ihnen \u00fcber die Website erhobenen und zur Verf\u00fcgung gestellten personenbezogenen Daten in \u00dcbereinstimmung mit dieser Datenschutzerkl\u00e4rung zu verwenden und Ihre personenbezogenen Daten nicht an Dritte zu verkaufen, zu verleihen oder anderweitig weiterzugeben, au\u00dfer in den gesetzlich vorgesehenen F\u00e4llen.Das Unternehmen verpflichtet sich, die von Ihnen \u00fcber die Website erhobenen und zur Verf\u00fcgung gestellten personenbezogenen Daten in \u00dcbereinstimmung mit dieser Datenschutzerkl\u00e4rung zu verwenden und Ihre personenbezogenen Daten nicht an Dritte zu verkaufen, zu verleihen oder anderweitig weiterzugeben.<\/p>\n<p><b><br \/>Personenbezogene Daten<\/b>Funpark Menina, Kamp Menina d.o.o., verwendet personenbezogene Daten ausschlie\u00dflich zum Zweck der Erf\u00fcllung der Bestellung (Zusendung von Informationsmaterial, Angeboten, Rechnungen, alles, was mit der Bestellung zusammenh\u00e4ngt) und anderer auftragsbezogener und notwendiger Kommunikation.<b><\/b><br \/>Zweck der Datenverarbeitung und Arten von personenbezogenen Daten<br \/>Alle pers\u00f6nlichen Daten, die Sie uns zur Verf\u00fcgung stellen, werden vertraulich behandelt und nur f\u00fcr die Zwecke verwendet, f\u00fcr die sie bereitgestellt wurden. Sollte es notwendig sein, Ihre Daten f\u00fcr einen anderen Zweck weiterzuverarbeiten, werden wir Sie im Voraus kontaktieren und um Ihre Zustimmung bitten.<\/p>\n<p><b>Besuchen Sie die Website<\/b><\/p>\n<p>Jedes Mal, wenn Sie http:\/\/funparkmenina.com\/ besuchen, wird automatisch eine Protokolldatei auf dem Webserver gespeichert (z.B. IP-Nummer &#8211; eine Nummer, die einen bestimmten Computer oder ein anderes Ger\u00e4t im Internet identifiziert; Browserversion, Uhrzeit des Besuchs, usw.). Wir verarbeiten diese Daten, um Statistiken \u00fcber die Besuche auf unserer Website zu f\u00fchren.<br \/>Funpark Menina, Kamp Menina d.o.o. verarbeitet die auf diese Weise erhobenen Daten nicht gesondert und verkn\u00fcpft sie nicht mit anderen Daten.<\/p>\n<p><b>Produkte online kaufen<\/b><\/p>\n<p>\u00dcber unsere Website k\u00f6nnen Sie ein Produkt kaufen oder eine Anfrage senden. Zu diesem Zweck sammelt Funpark Menina, Kamp Menina d.o.o. die folgenden Informationen von Ihnen, die Sie auf freiwilliger Basis zur Verf\u00fcgung stellen:<br \/>&#8211; Name und Nachname oder Titel,<br \/>&#8211; E-Mail Adresse,<br \/>&#8211; Titel,<br \/>&#8211; Rufnummer,<br \/>&#8211; Informationen \u00fcber den Inhalt Ihrer Anfrage.<\/p>\n<p>Alle Daten, die \u00fcber diese Website erhoben oder Funpark Menina, Kamp Menina d.o.o. auf andere Weise mitgeteilt werden, werden zum Zweck der Durchf\u00fchrung des Kerngesch\u00e4fts von Funpark Menina, Kamp Menina d.o.o. erhoben, d.h. den Verkauf unserer Produkte und Dienstleistungen und werden ausschlie\u00dflich zum Zweck der Erf\u00fcllung und Lieferung Ihrer Bestellung verwendet. Da die Verarbeitung dieser Informationen f\u00fcr die Erbringung der Dienstleistung selbst erforderlich ist, kann die Verarbeitung dieser Daten bereits dadurch erfolgen, dass Sie eine vertragliche Beziehung mit uns eingehen. Wenn Sie uns diese Informationen nicht zur Verf\u00fcgung stellen m\u00f6chten, k\u00f6nnen wir Ihnen weder ein Angebot zusenden noch einen Vertrag mit Ihnen abschlie\u00dfen.<\/p>\n<p><b><br \/>Newsletter abonnieren<\/b>Sie k\u00f6nnen sich auch f\u00fcr den Erhalt von Benachrichtigungen und Informationen \u00fcber unsere Dienstleistungen und Aktivit\u00e4ten auf unserer Website und durch Einloggen in unser Filialsystem anmelden.<b><\/b> Zu diesem Zweck kann Funpark Menina, Kamp Menina d.o.o. Sie per E-Mail oder Telefon \u00fcber Neuigkeiten aus seinem Dienstleistungsangebot, \u00fcber m\u00f6gliche Werbeaktionen oder \u00fcber Gewinnspiele informieren, die in direktem Zusammenhang mit Funpark Menina, Kamp Menina d.o.o. oder seinen Dienstleistungen stehen. Wir werden Sie voraussichtlich mehrmals im Jahr auf den neuesten Stand bringen.<br \/>Diese Daten werden auf der Grundlage Ihrer Zustimmung verarbeitet. Sie k\u00f6nnen Ihre Zustimmung zum Erhalt von Werbebotschaften jederzeit widerrufen.<br \/>Wenn Sie keine E-Mail-Newsletter mehr erhalten m\u00f6chten, senden Sie uns bitte eine E-Mail mit dem Betreff &#8222;STOP&#8220; an die folgende E-Mail-Adresse: info@funprakmenina.com<\/p>\n<p><b><br \/>Benutzerrechte<\/b>Funpark Menina, Kamp Menina d.o.o. garantiert die Aus\u00fcbung aller Ihrer Rechte in Bezug auf die Verarbeitung Ihrer pers\u00f6nlichen Daten.<b><\/b><br \/>Die betroffene Person kann jederzeit verlangen, dass Funpark Menina, Kamp Menina d.o.o. :<br \/>&#8211; zu best\u00e4tigen, ob ihn betreffende Daten verarbeitet werden oder nicht,<br \/>&#8211; Zugang zu personenbezogenen Daten zu gew\u00e4hren (d.h. sie einzusehen, zu kopieren oder zu reproduzieren),<br \/>&#8211; Informationen \u00fcber die Verarbeitung dieser Daten bereitstellen (z.B. den Zweck der Verarbeitung, die Art der personenbezogenen Daten, die Nutzer, an die die personenbezogenen Daten weitergegeben wurden oder werden, die vorgesehene Dauer der Aufbewahrung der Daten, die technischen und organisatorischen Ma\u00dfnahmen zum Schutz der Daten usw.),<br \/>&#8211; ihm die M\u00f6glichkeit zu geben, ihn betreffende unrichtige personenbezogene Daten zu korrigieren und unvollst\u00e4ndige personenbezogene Daten zu vervollst\u00e4ndigen,<br \/>&#8211; das Recht auf L\u00f6schung personenbezogener Daten (das so genannte Recht auf Vergessenwerden) gew\u00e4hren,<br \/>&#8211; das Recht auf Einschr\u00e4nkung der Verarbeitung gew\u00e4hren,<br \/>&#8211; das Recht zu gew\u00e4hren, der Verarbeitung zu widersprechen, wenn diese auf dem berechtigten Interesse des f\u00fcr die Verarbeitung Verantwortlichen beruht, einschlie\u00dflich Profiling,<br \/>&#8211; das Recht auf Daten\u00fcbertragbarkeit gew\u00e4hren und die Daten dem f\u00fcr die Verarbeitung Verantwortlichen in einem allgemein gebr\u00e4uchlichen und maschinenlesbaren Format oder direkt einem anderen f\u00fcr die Verarbeitung Verantwortlichen zur Verf\u00fcgung stellen,<br \/>&#8211; das Recht vorsehen, die Einwilligung zu widerrufen, wenn personenbezogene Daten auf der Grundlage einer Einwilligung verarbeitet werden, wobei der Widerruf der Einwilligung die Rechtm\u00e4\u00dfigkeit der vor dem Widerruf erfolgten Verarbeitung nicht ber\u00fchrt<br \/>&#8211; weitere Informationen \u00fcber sein Recht, eine Beschwerde bei der zust\u00e4ndigen Aufsichtsbeh\u00f6rde einzureichen.<\/p>\n<p>Das Unternehmen stellt der betroffenen Person auf Anfrage auch andere Informationen \u00fcber die von ihm verarbeiteten personenbezogenen Daten zur Verf\u00fcgung, die mit dem geltenden Recht vereinbar sind.<br \/>Das Unternehmen verpflichtet sich, Anfragen von betroffenen Personen unverz\u00fcglich, sp\u00e4testens jedoch innerhalb der gesetzlich vorgesehenen Fristen zu beantworten.<\/p>\n<p><b><br \/>Verfahren zur Aus\u00fcbung der Rechte:<\/b>&#8211; Mir ist bekannt, dass ich alle oben genannten Anfragen zur Aus\u00fcbung meiner Rechte in Bezug auf personenbezogene Daten schriftlich an den f\u00fcr die Verarbeitung Verantwortlichen unter der folgenden E-Mail-Adresse richten kann: info@funparkmenina.com;<b><\/b><br \/>&#8211; Mir ist bekannt, dass der f\u00fcr die Verarbeitung Verantwortliche zum Zwecke der zuverl\u00e4ssigen Identifizierung zus\u00e4tzliche Daten von mir anfordern kann, um die Rechte in Bezug auf personenbezogene Daten auszu\u00fcben, dass er sich jedoch nur weigern kann, t\u00e4tig zu werden, wenn er nachweist, dass er mich nicht zuverl\u00e4ssig identifizieren kann;<br \/>&#8211; Mir ist bekannt, dass der f\u00fcr die Verarbeitung Verantwortliche meinen Antrag auf Aus\u00fcbung meiner Rechte in Bezug auf die oben genannten personenbezogenen Daten unverz\u00fcglich, sp\u00e4testens jedoch innerhalb von zwei Monaten nach Eingang des Antrags, beantworten muss.<\/p>\n<p><b><br \/>Schutz Ihrer Daten:<\/b>Funpark Menina, Kamp Menina d.o.o. verpflichtet sich, die pers\u00f6nlichen Daten zu sch\u00fctzen, die Sie uns bei der Nutzung unserer Website zur Verf\u00fcgung stellen.<b><\/b> Funpark Menina, Kamp Menina d.o.o. wird sein M\u00f6glichstes tun, um personenbezogene Daten vor Verst\u00f6\u00dfen und Missbrauch zu sch\u00fctzen;<br \/>wir speichern personenbezogene Daten in computergest\u00fctzter Form. Unsere Computersysteme sind durch technische und organisatorische Ma\u00dfnahmen gesch\u00fctzt, um die versehentliche oder unrechtm\u00e4\u00dfige Zerst\u00f6rung, den Verlust, die \u00c4nderung und die unbefugte Weitergabe Ihrer pers\u00f6nlichen Daten oder den Zugriff darauf zu verhindern;<br \/>nur autorisierte Personen und Verk\u00e4ufer haben Zugang zu den Daten, um ihre vertragliche Verpflichtung zu erf\u00fcllen.<br \/>Die Daten werden gespeichert und gesammelt, bis der Benutzer sie l\u00f6scht.<br \/>Die Website http:\/\/funparkmenina.com\/ bietet alle notwendigen technischen und organisatorischen L\u00f6sungen f\u00fcr eine vollst\u00e4ndige Kaufsicherheit. Die \u00dcbertragung sensibler pers\u00f6nlicher Daten und Transaktionsdaten auf der Website erfolgt auf sichere Weise unter Verwendung des Secure Sockets Layer (SSL)-Protokolls. Die Daten werden mit einem bis zu 256-Bit-Schl\u00fcssel verschl\u00fcsselt, bevor sie Ihren Browser verlassen und in einem gesch\u00fctzten Format an unseren Server \u00fcbertragen werden. Dadurch wird verhindert, dass jemand Ihre pers\u00f6nlichen Daten und Transaktionsdaten, die Sie an den Online-Shop senden, abfangen kann.<br \/>Wir gew\u00e4hrleisten auch den Schutz der Privatsph\u00e4re und die Sicherheit beim Kauf, indem wir alle geltenden gesetzlichen Verpflichtungen und die Empfehlungen der slowenischen und internationalen Verbraucherverb\u00e4nde einhalten.<br \/>Wir verpflichten uns, dass alle \u00fcber die Website http:\/\/funparkmenina.com\/ erhaltenen personenbezogenen Daten Eigentum von Funpark Menina, Kamp Menina d.o.o. (dem Betreiber der Website http:\/\/funparkmenina.com\/ ) bleiben und bedingungslos in \u00dcbereinstimmung mit dem geltenden Datenschutzgesetz behandelt werden.<\/p>\n<p><b><br \/>COOKIES<\/b>Ein Cookie ist ein kurzer Text, den eine Website an Ihren Browser sendet, wenn Sie sie besuchen.<b><\/b> Auf diese Weise erkennt die Website Sie, merkt sich Informationen \u00fcber Ihren Besuch und bietet Ihnen einen freundlichen und einfacheren Online-Service. Wir verwenden Cookies, um den Inhalt unserer Website zu personalisieren, Ihre Pr\u00e4ferenzen zu speichern und Ihren Besuch in unserem Online-Shop aufzuzeichnen. Mit Cookies wird das Surfen in unserem Online-Shop angenehmer, schneller und vor allem effizienter.<br \/>Der Gesch\u00e4ftsf\u00fchrer von Funpark Menina kann die Daten in anonymisierter, aggregierter Form f\u00fcr statistische Analysen verwenden. Funpark Menina wird unter keinen Umst\u00e4nden Benutzerdaten an Unbefugte weitergeben. Wir vertrauen dem Zustelldienst (z.B. DPD) nur die Lieferadresse des Nutzers an. Wir werden den Nutzer nur dann per Fernkommunikationsmittel kontaktieren, wenn der Nutzer dem nicht ausdr\u00fccklich widerspricht.<br \/>Um herauszufinden, welche Cookies wir verwenden und wof\u00fcr sie n\u00fctzlich sind, lesen Sie bitte die Seite &#8222;Cookie-Erkl\u00e4rung&#8220;.<\/p>\n\t\t\t\t\t\t\t\t<\/div>\n\t\t\t\t<\/div>\n\t\t\t\t\t<\/div>\n\t\t\t\t<\/div>\n\t\t\t\t<\/div>\n\t\t","protected":false},"excerpt":{"rendered":"<p>ERKL\u00c4RUNG ZUM SCHUTZ DER PRIVATSPH\u00c4RE UND DES DATENSCHUTZES Die Datenschutzerkl\u00e4rung wird herausgegeben von Funpark Menina, Kamp Menina d.o.o., Varpolje 105, 3332 Re\u010dica ob Savinji, mit der Steuernummer SI18765416 und der Registrierungsnummer: 1722654000.Indem Sie auf die Website zugreifen oder sie nutzen, erkl\u00e4ren Sie sich mit der Datenschutzerkl\u00e4rung und den Allgemeinen Gesch\u00e4ftsbedingungen einverstanden. Wenn Sie damit nicht [&hellip;]<\/p>\n","protected":false},"author":1,"featured_media":0,"parent":0,"menu_order":0,"comment_status":"closed","ping_status":"closed","template":"elementor_header_footer","meta":{"footnotes":""},"class_list":["post-3286","page","type-page","status-publish","hentry"],"yoast_head":"<!-- This site is optimized with the Yoast SEO plugin v27.0 - https:\/\/yoast.com\/product\/yoast-seo-wordpress\/ -->\n<title>Erkl\u00e4rung zu Privatsph\u00e4re und Datenschutz - Fun Park Menina<\/title>\n<meta name=\"robots\" content=\"index, follow, max-snippet:-1, max-image-preview:large, max-video-preview:-1\" \/>\n<link rel=\"canonical\" href=\"https:\/\/funparkmenina.com\/de\/erklaerung-zu-privatsphaere-und-datenschutz\/\" \/>\n<meta property=\"og:locale\" content=\"de_DE\" \/>\n<meta property=\"og:type\" content=\"article\" \/>\n<meta property=\"og:title\" content=\"Erkl\u00e4rung zu Privatsph\u00e4re und Datenschutz - Fun Park Menina\" \/>\n<meta property=\"og:description\" content=\"ERKL\u00c4RUNG ZUM SCHUTZ DER PRIVATSPH\u00c4RE UND DES DATENSCHUTZES Die Datenschutzerkl\u00e4rung wird herausgegeben von Funpark Menina, Kamp Menina d.o.o., Varpolje 105, 3332 Re\u010dica ob Savinji, mit der Steuernummer SI18765416 und der Registrierungsnummer: 1722654000.Indem Sie auf die Website zugreifen oder sie nutzen, erkl\u00e4ren Sie sich mit der Datenschutzerkl\u00e4rung und den Allgemeinen Gesch\u00e4ftsbedingungen einverstanden. Wenn Sie damit nicht [&hellip;]\" \/>\n<meta property=\"og:url\" content=\"https:\/\/funparkmenina.com\/de\/erklaerung-zu-privatsphaere-und-datenschutz\/\" \/>\n<meta property=\"og:site_name\" content=\"Fun Park Menina\" \/>\n<meta property=\"article:publisher\" content=\"https:\/\/www.facebook.com\/campingmenina\" \/>\n<meta property=\"article:modified_time\" content=\"2024-06-06T08:41:13+00:00\" \/>\n<meta name=\"twitter:card\" content=\"summary_large_image\" \/>\n<meta name=\"twitter:label1\" content=\"Gesch\u00e4tzte Lesezeit\" \/>\n\t<meta name=\"twitter:data1\" content=\"9\u00a0Minuten\" \/>\n<script type=\"application\/ld+json\" class=\"yoast-schema-graph\">{\"@context\":\"https:\/\/schema.org\",\"@graph\":[{\"@type\":\"WebPage\",\"@id\":\"https:\/\/funparkmenina.com\/de\/erklaerung-zu-privatsphaere-und-datenschutz\/\",\"url\":\"https:\/\/funparkmenina.com\/de\/erklaerung-zu-privatsphaere-und-datenschutz\/\",\"name\":\"Erkl\u00e4rung zu Privatsph\u00e4re und Datenschutz - Fun Park Menina\",\"isPartOf\":{\"@id\":\"https:\/\/funparkmenina.com\/#website\"},\"datePublished\":\"2024-06-03T07:30:59+00:00\",\"dateModified\":\"2024-06-06T08:41:13+00:00\",\"breadcrumb\":{\"@id\":\"https:\/\/funparkmenina.com\/de\/erklaerung-zu-privatsphaere-und-datenschutz\/#breadcrumb\"},\"inLanguage\":\"de\",\"potentialAction\":[{\"@type\":\"ReadAction\",\"target\":[\"https:\/\/funparkmenina.com\/de\/erklaerung-zu-privatsphaere-und-datenschutz\/\"]}]},{\"@type\":\"BreadcrumbList\",\"@id\":\"https:\/\/funparkmenina.com\/de\/erklaerung-zu-privatsphaere-und-datenschutz\/#breadcrumb\",\"itemListElement\":[{\"@type\":\"ListItem\",\"position\":1,\"name\":\"Home\",\"item\":\"https:\/\/funparkmenina.com\/\"},{\"@type\":\"ListItem\",\"position\":2,\"name\":\"Erkl\u00e4rung zu Privatsph\u00e4re und Datenschutz\"}]},{\"@type\":\"WebSite\",\"@id\":\"https:\/\/funparkmenina.com\/#website\",\"url\":\"https:\/\/funparkmenina.com\/\",\"name\":\"Fun Park Menina\",\"description\":\"\",\"publisher\":{\"@id\":\"https:\/\/funparkmenina.com\/#organization\"},\"potentialAction\":[{\"@type\":\"SearchAction\",\"target\":{\"@type\":\"EntryPoint\",\"urlTemplate\":\"https:\/\/funparkmenina.com\/?s={search_term_string}\"},\"query-input\":{\"@type\":\"PropertyValueSpecification\",\"valueRequired\":true,\"valueName\":\"search_term_string\"}}],\"inLanguage\":\"de\"},{\"@type\":\"Organization\",\"@id\":\"https:\/\/funparkmenina.com\/#organization\",\"name\":\"Fun Park Menina\",\"url\":\"https:\/\/funparkmenina.com\/\",\"logo\":{\"@type\":\"ImageObject\",\"inLanguage\":\"de\",\"@id\":\"https:\/\/funparkmenina.com\/#\/schema\/logo\/image\/\",\"url\":\"https:\/\/funparkmenina.com\/wp-content\/uploads\/2024\/04\/funParkMenina-logo.svg\",\"contentUrl\":\"https:\/\/funparkmenina.com\/wp-content\/uploads\/2024\/04\/funParkMenina-logo.svg\",\"width\":50,\"height\":35,\"caption\":\"Fun Park Menina\"},\"image\":{\"@id\":\"https:\/\/funparkmenina.com\/#\/schema\/logo\/image\/\"},\"sameAs\":[\"https:\/\/www.facebook.com\/campingmenina\",\"https:\/\/www.instagram.com\/campingmenina\/\",\"https:\/\/www.tripadvisor.com\/Hotel_Review-g3207627-d7153990-Reviews-Camping_Menina-Ljubno_Styria_Region.html?m=19905\",\"https:\/\/www.youtube.com\/channel\/UCwW3NXEpx6yvGZdbwv5P2yw\"]}]}<\/script>\n<!-- \/ Yoast SEO plugin. -->","yoast_head_json":{"title":"Erkl\u00e4rung zu Privatsph\u00e4re und Datenschutz - Fun Park Menina","robots":{"index":"index","follow":"follow","max-snippet":"max-snippet:-1","max-image-preview":"max-image-preview:large","max-video-preview":"max-video-preview:-1"},"canonical":"https:\/\/funparkmenina.com\/de\/erklaerung-zu-privatsphaere-und-datenschutz\/","og_locale":"de_DE","og_type":"article","og_title":"Erkl\u00e4rung zu Privatsph\u00e4re und Datenschutz - Fun Park Menina","og_description":"ERKL\u00c4RUNG ZUM SCHUTZ DER PRIVATSPH\u00c4RE UND DES DATENSCHUTZES Die Datenschutzerkl\u00e4rung wird herausgegeben von Funpark Menina, Kamp Menina d.o.o., Varpolje 105, 3332 Re\u010dica ob Savinji, mit der Steuernummer SI18765416 und der Registrierungsnummer: 1722654000.Indem Sie auf die Website zugreifen oder sie nutzen, erkl\u00e4ren Sie sich mit der Datenschutzerkl\u00e4rung und den Allgemeinen Gesch\u00e4ftsbedingungen einverstanden. Wenn Sie damit nicht [&hellip;]","og_url":"https:\/\/funparkmenina.com\/de\/erklaerung-zu-privatsphaere-und-datenschutz\/","og_site_name":"Fun Park Menina","article_publisher":"https:\/\/www.facebook.com\/campingmenina","article_modified_time":"2024-06-06T08:41:13+00:00","twitter_card":"summary_large_image","twitter_misc":{"Gesch\u00e4tzte Lesezeit":"9\u00a0Minuten"},"schema":{"@context":"https:\/\/schema.org","@graph":[{"@type":"WebPage","@id":"https:\/\/funparkmenina.com\/de\/erklaerung-zu-privatsphaere-und-datenschutz\/","url":"https:\/\/funparkmenina.com\/de\/erklaerung-zu-privatsphaere-und-datenschutz\/","name":"Erkl\u00e4rung zu Privatsph\u00e4re und Datenschutz - Fun Park Menina","isPartOf":{"@id":"https:\/\/funparkmenina.com\/#website"},"datePublished":"2024-06-03T07:30:59+00:00","dateModified":"2024-06-06T08:41:13+00:00","breadcrumb":{"@id":"https:\/\/funparkmenina.com\/de\/erklaerung-zu-privatsphaere-und-datenschutz\/#breadcrumb"},"inLanguage":"de","potentialAction":[{"@type":"ReadAction","target":["https:\/\/funparkmenina.com\/de\/erklaerung-zu-privatsphaere-und-datenschutz\/"]}]},{"@type":"BreadcrumbList","@id":"https:\/\/funparkmenina.com\/de\/erklaerung-zu-privatsphaere-und-datenschutz\/#breadcrumb","itemListElement":[{"@type":"ListItem","position":1,"name":"Home","item":"https:\/\/funparkmenina.com\/"},{"@type":"ListItem","position":2,"name":"Erkl\u00e4rung zu Privatsph\u00e4re und Datenschutz"}]},{"@type":"WebSite","@id":"https:\/\/funparkmenina.com\/#website","url":"https:\/\/funparkmenina.com\/","name":"Fun Park Menina","description":"","publisher":{"@id":"https:\/\/funparkmenina.com\/#organization"},"potentialAction":[{"@type":"SearchAction","target":{"@type":"EntryPoint","urlTemplate":"https:\/\/funparkmenina.com\/?s={search_term_string}"},"query-input":{"@type":"PropertyValueSpecification","valueRequired":true,"valueName":"search_term_string"}}],"inLanguage":"de"},{"@type":"Organization","@id":"https:\/\/funparkmenina.com\/#organization","name":"Fun Park Menina","url":"https:\/\/funparkmenina.com\/","logo":{"@type":"ImageObject","inLanguage":"de","@id":"https:\/\/funparkmenina.com\/#\/schema\/logo\/image\/","url":"https:\/\/funparkmenina.com\/wp-content\/uploads\/2024\/04\/funParkMenina-logo.svg","contentUrl":"https:\/\/funparkmenina.com\/wp-content\/uploads\/2024\/04\/funParkMenina-logo.svg","width":50,"height":35,"caption":"Fun Park Menina"},"image":{"@id":"https:\/\/funparkmenina.com\/#\/schema\/logo\/image\/"},"sameAs":["https:\/\/www.facebook.com\/campingmenina","https:\/\/www.instagram.com\/campingmenina\/","https:\/\/www.tripadvisor.com\/Hotel_Review-g3207627-d7153990-Reviews-Camping_Menina-Ljubno_Styria_Region.html?m=19905","https:\/\/www.youtube.com\/channel\/UCwW3NXEpx6yvGZdbwv5P2yw"]}]}},"_links":{"self":[{"href":"https:\/\/funparkmenina.com\/de\/wp-json\/wp\/v2\/pages\/3286","targetHints":{"allow":["GET"]}}],"collection":[{"href":"https:\/\/funparkmenina.com\/de\/wp-json\/wp\/v2\/pages"}],"about":[{"href":"https:\/\/funparkmenina.com\/de\/wp-json\/wp\/v2\/types\/page"}],"author":[{"embeddable":true,"href":"https:\/\/funparkmenina.com\/de\/wp-json\/wp\/v2\/users\/1"}],"replies":[{"embeddable":true,"href":"https:\/\/funparkmenina.com\/de\/wp-json\/wp\/v2\/comments?post=3286"}],"version-history":[{"count":0,"href":"https:\/\/funparkmenina.com\/de\/wp-json\/wp\/v2\/pages\/3286\/revisions"}],"wp:attachment":[{"href":"https:\/\/funparkmenina.com\/de\/wp-json\/wp\/v2\/media?parent=3286"}],"curies":[{"name":"wp","href":"https:\/\/api.w.org\/{rel}","templated":true}]}}