{"id":3204,"date":"2024-05-21T07:59:30","date_gmt":"2024-05-21T07:59:30","guid":{"rendered":"https:\/\/funparkmenina.com\/fonds-fuer-freie-fluesse\/"},"modified":"2024-06-06T08:39:53","modified_gmt":"2024-06-06T08:39:53","slug":"fonds-fuer-freie-fluesse","status":"publish","type":"page","link":"https:\/\/funparkmenina.com\/de\/fonds-fuer-freie-fluesse\/","title":{"rendered":"Fonds f\u00fcr freie Fl\u00fcsse"},"content":{"rendered":"\t\t<div data-elementor-type=\"wp-page\" data-elementor-id=\"3204\" class=\"elementor elementor-3204 elementor-2636\" data-elementor-post-type=\"page\">\n\t\t\t\t<div class=\"elementor-element elementor-element-5e5bd658 e-flex e-con-boxed e-con e-parent\" data-id=\"5e5bd658\" data-element_type=\"container\" data-e-type=\"container\" data-settings=\"{&quot;background_background&quot;:&quot;classic&quot;}\">\n\t\t\t\t\t<div class=\"e-con-inner\">\n\t\t\t\t<div class=\"elementor-element elementor-element-307c6df elementor-widget elementor-widget-image\" data-id=\"307c6df\" data-element_type=\"widget\" data-e-type=\"widget\" data-widget_type=\"image.default\">\n\t\t\t\t<div class=\"elementor-widget-container\">\n\t\t\t\t\t\t\t\t\t\t\t\t\t\t\t<img fetchpriority=\"high\" decoding=\"async\" width=\"669\" height=\"650\" src=\"https:\/\/funparkmenina.com\/wp-content\/uploads\/2024\/05\/FREERIVERSFUND.png\" class=\"attachment-large size-large wp-image-2620\" alt=\"\" srcset=\"https:\/\/funparkmenina.com\/wp-content\/uploads\/2024\/05\/FREERIVERSFUND.png 669w, https:\/\/funparkmenina.com\/wp-content\/uploads\/2024\/05\/FREERIVERSFUND-300x291.png 300w, https:\/\/funparkmenina.com\/wp-content\/uploads\/2024\/05\/FREERIVERSFUND-600x583.png 600w\" sizes=\"(max-width: 669px) 100vw, 669px\" \/>\t\t\t\t\t\t\t\t\t\t\t\t\t\t\t<\/div>\n\t\t\t\t<\/div>\n\t\t\t\t\t<\/div>\n\t\t\t\t<\/div>\n\t\t<div class=\"elementor-element elementor-element-52681f00 e-flex e-con-boxed e-con e-parent\" data-id=\"52681f00\" data-element_type=\"container\" data-e-type=\"container\">\n\t\t\t\t\t<div class=\"e-con-inner\">\n\t\t<div class=\"elementor-element elementor-element-2f20e09 e-con-full e-flex e-con e-child\" data-id=\"2f20e09\" data-element_type=\"container\" data-e-type=\"container\">\n\t\t\t\t<div class=\"elementor-element elementor-element-d472fcd elementor-widget elementor-widget-heading\" data-id=\"d472fcd\" data-element_type=\"widget\" data-e-type=\"widget\" data-widget_type=\"heading.default\">\n\t\t\t\t<div class=\"elementor-widget-container\">\n\t\t\t\t\t<h1 class=\"elementor-heading-title elementor-size-default\">Fonds f\u00fcr freie Fl\u00fcsse - 2020<\/h1>\t\t\t\t<\/div>\n\t\t\t\t<\/div>\n\t\t\t\t<div class=\"elementor-element elementor-element-700e1bd4 elementor-widget elementor-widget-text-editor\" data-id=\"700e1bd4\" data-element_type=\"widget\" data-e-type=\"widget\" data-widget_type=\"text-editor.default\">\n\t\t\t\t<div class=\"elementor-widget-container\">\n\t\t\t\t\t\t\t\t\t<p>Unsere Idee des Umweltschutzes stammt aus dem Oberen Savinja-Tal.<\/p>\n<p>Als Outdoor-Organisation sind wir uns unserer Auswirkungen auf die Umwelt bewusst. Wir haben die Verantwortung, die Natur in ihrer urspr\u00fcnglichen und reinen Form zu erhalten und zu pflegen.<\/p>\n<p>Wir glauben an &#8211; ein besseres Morgen &#8211; deshalb arbeiten wir jedes Jahr mit einer gemeinn\u00fctzigen Umweltorganisation zusammen, um ihren Slogan zu erhalten und eine \u00f6rtliche Grundschule w\u00e4hlt die umweltfreundlichste und aussagekr\u00e4ftigste Zeichnung eines Sch\u00fclers aus.<\/p>\n<p>Wir zeigen unsere Wertsch\u00e4tzung, indem wir einen Aufdruck auf Hanf-T-Shirts entwerfen.<\/p>\n<\/p>\n<p><strong>IN DER SAISON 2020 ARBEITEN WIR MIT DER GEMEINN\u00dcTZIGEN ORGANISATION FREE RIVERS FUND ZUSAMMEN, DIE:<\/strong><\/p>\n<p>als Kajakgemeinschaft f\u00fcr den Schutz der Fl\u00fcsse k\u00e4mpfen,<\/p>\n<p>basiert auf Spenden von Wassersportunternehmen,<\/p>\n<p>Projekte zu f\u00f6rdern und zu schaffen, um die Aufstauung und Zerst\u00f6rung von Fl\u00fcssen zu stoppen.<\/p>\n<p><strong>WIR KOOPERIEREN AUCH MIT<\/strong>: Re\u010dica ob Savinji Grundschule &#8211; Kunstprojekt zum Thema F\u00dcR DIE NATUR. Autor: undefiniert.<\/p>\n<p>Vielen Dank an alle, die teilgenommen haben!<\/p>\n\t\t\t\t\t\t\t\t<\/div>\n\t\t\t\t<\/div>\n\t\t\t\t<\/div>\n\t\t<div class=\"elementor-element elementor-element-0ecfa05 e-con-full e-flex e-con e-child\" data-id=\"0ecfa05\" data-element_type=\"container\" data-e-type=\"container\">\n\t\t\t\t<div class=\"elementor-element elementor-element-8b6e21a elementor-widget elementor-widget-image\" data-id=\"8b6e21a\" data-element_type=\"widget\" data-e-type=\"widget\" data-widget_type=\"image.default\">\n\t\t\t\t<div class=\"elementor-widget-container\">\n\t\t\t\t\t\t\t\t\t\t\t\t\t\t\t<img decoding=\"async\" width=\"528\" height=\"1024\" src=\"https:\/\/funparkmenina.com\/wp-content\/uploads\/2024\/05\/FRF_color_slogan_1-528x1024.jpg\" class=\"attachment-large size-large wp-image-2640\" alt=\"\" srcset=\"https:\/\/funparkmenina.com\/wp-content\/uploads\/2024\/05\/FRF_color_slogan_1-528x1024.jpg 528w, https:\/\/funparkmenina.com\/wp-content\/uploads\/2024\/05\/FRF_color_slogan_1-155x300.jpg 155w, https:\/\/funparkmenina.com\/wp-content\/uploads\/2024\/05\/FRF_color_slogan_1-768x1489.jpg 768w, https:\/\/funparkmenina.com\/wp-content\/uploads\/2024\/05\/FRF_color_slogan_1-792x1536.jpg 792w, https:\/\/funparkmenina.com\/wp-content\/uploads\/2024\/05\/FRF_color_slogan_1-1056x2048.jpg 1056w, https:\/\/funparkmenina.com\/wp-content\/uploads\/2024\/05\/FRF_color_slogan_1-600x1163.jpg 600w, https:\/\/funparkmenina.com\/wp-content\/uploads\/2024\/05\/FRF_color_slogan_1-scaled.jpg 1320w\" sizes=\"(max-width: 528px) 100vw, 528px\" \/>\t\t\t\t\t\t\t\t\t\t\t\t\t\t\t<\/div>\n\t\t\t\t<\/div>\n\t\t\t\t<\/div>\n\t\t<div class=\"elementor-element elementor-element-9ab6b8d e-con-full e-flex e-con e-child\" data-id=\"9ab6b8d\" data-element_type=\"container\" data-e-type=\"container\">\n\t\t\t\t<div class=\"elementor-element elementor-element-4aff04e elementor-widget elementor-widget-image\" data-id=\"4aff04e\" data-element_type=\"widget\" data-e-type=\"widget\" data-widget_type=\"image.default\">\n\t\t\t\t<div class=\"elementor-widget-container\">\n\t\t\t\t\t\t\t\t\t\t\t\t\t\t\t<img decoding=\"async\" width=\"800\" height=\"800\" src=\"https:\/\/funparkmenina.com\/wp-content\/uploads\/2024\/05\/FRF_majica-1024x1024.jpg\" class=\"attachment-large size-large wp-image-2643\" alt=\"\" srcset=\"https:\/\/funparkmenina.com\/wp-content\/uploads\/2024\/05\/FRF_majica-1024x1024.jpg 1024w, https:\/\/funparkmenina.com\/wp-content\/uploads\/2024\/05\/FRF_majica-300x300.jpg 300w, https:\/\/funparkmenina.com\/wp-content\/uploads\/2024\/05\/FRF_majica-150x150.jpg 150w, https:\/\/funparkmenina.com\/wp-content\/uploads\/2024\/05\/FRF_majica-768x768.jpg 768w, https:\/\/funparkmenina.com\/wp-content\/uploads\/2024\/05\/FRF_majica-120x120.jpg 120w, https:\/\/funparkmenina.com\/wp-content\/uploads\/2024\/05\/FRF_majica-1536x1536.jpg 1536w, https:\/\/funparkmenina.com\/wp-content\/uploads\/2024\/05\/FRF_majica-2048x2048.jpg 2048w, https:\/\/funparkmenina.com\/wp-content\/uploads\/2024\/05\/FRF_majica-600x600.jpg 600w, https:\/\/funparkmenina.com\/wp-content\/uploads\/2024\/05\/FRF_majica-100x100.jpg 100w\" sizes=\"(max-width: 800px) 100vw, 800px\" \/>\t\t\t\t\t\t\t\t\t\t\t\t\t\t\t<\/div>\n\t\t\t\t<\/div>\n\t\t\t\t<\/div>\n\t\t\t\t\t<\/div>\n\t\t\t\t<\/div>\n\t\t<div class=\"elementor-element elementor-element-650d8bc e-con-full e-flex e-con e-parent\" data-id=\"650d8bc\" data-element_type=\"container\" data-e-type=\"container\" data-settings=\"{&quot;background_background&quot;:&quot;classic&quot;}\">\n\t\t\t\t<div class=\"elementor-element elementor-element-39f17699 elementor-widget elementor-widget-image\" data-id=\"39f17699\" data-element_type=\"widget\" data-e-type=\"widget\" data-widget_type=\"image.default\">\n\t\t\t\t<div class=\"elementor-widget-container\">\n\t\t\t\t\t\t\t\t\t\t\t\t\t\t\t<img loading=\"lazy\" decoding=\"async\" width=\"2000\" height=\"127\" src=\"https:\/\/funparkmenina.com\/wp-content\/uploads\/2024\/04\/funParkMenina-divider.webp\" class=\"attachment-full size-full wp-image-990\" alt=\"\" srcset=\"https:\/\/funparkmenina.com\/wp-content\/uploads\/2024\/04\/funParkMenina-divider.webp 2000w, https:\/\/funparkmenina.com\/wp-content\/uploads\/2024\/04\/funParkMenina-divider-600x38.webp 600w, https:\/\/funparkmenina.com\/wp-content\/uploads\/2024\/04\/funParkMenina-divider-300x19.webp 300w, https:\/\/funparkmenina.com\/wp-content\/uploads\/2024\/04\/funParkMenina-divider-1024x65.webp 1024w, https:\/\/funparkmenina.com\/wp-content\/uploads\/2024\/04\/funParkMenina-divider-768x49.webp 768w, https:\/\/funparkmenina.com\/wp-content\/uploads\/2024\/04\/funParkMenina-divider-1536x98.webp 1536w\" sizes=\"(max-width: 2000px) 100vw, 2000px\" \/>\t\t\t\t\t\t\t\t\t\t\t\t\t\t\t<\/div>\n\t\t\t\t<\/div>\n\t\t<div class=\"elementor-element elementor-element-0796e0f e-flex e-con-boxed e-con e-child\" data-id=\"0796e0f\" data-element_type=\"container\" data-e-type=\"container\" data-settings=\"{&quot;background_background&quot;:&quot;classic&quot;}\">\n\t\t\t\t\t<div class=\"e-con-inner\">\n\t\t\t\t<div class=\"elementor-element elementor-element-bbc2454 elementor-widget__width-initial elementor-widget elementor-widget-image\" data-id=\"bbc2454\" data-element_type=\"widget\" data-e-type=\"widget\" data-widget_type=\"image.default\">\n\t\t\t\t<div class=\"elementor-widget-container\">\n\t\t\t\t\t\t\t\t\t\t\t\t\t\t\t\t<a href=\"https:\/\/funparkmenina.com\/de\/?page_id=3196\">\n\t\t\t\t\t\t\t<img loading=\"lazy\" decoding=\"async\" width=\"800\" height=\"129\" src=\"https:\/\/funparkmenina.com\/wp-content\/uploads\/2024\/05\/SAVEOURRIVERS.png\" class=\"attachment-large size-large wp-image-2599\" alt=\"\" srcset=\"https:\/\/funparkmenina.com\/wp-content\/uploads\/2024\/05\/SAVEOURRIVERS.png 893w, https:\/\/funparkmenina.com\/wp-content\/uploads\/2024\/05\/SAVEOURRIVERS-300x48.png 300w, https:\/\/funparkmenina.com\/wp-content\/uploads\/2024\/05\/SAVEOURRIVERS-768x124.png 768w, https:\/\/funparkmenina.com\/wp-content\/uploads\/2024\/05\/SAVEOURRIVERS-600x97.png 600w\" sizes=\"(max-width: 800px) 100vw, 800px\" \/>\t\t\t\t\t\t\t\t<\/a>\n\t\t\t\t\t\t\t\t\t\t\t\t\t\t\t<\/div>\n\t\t\t\t<\/div>\n\t\t\t\t<div class=\"elementor-element elementor-element-8f53dbc elementor-widget__width-initial elementor-widget elementor-widget-image\" data-id=\"8f53dbc\" data-element_type=\"widget\" data-e-type=\"widget\" data-widget_type=\"image.default\">\n\t\t\t\t<div class=\"elementor-widget-container\">\n\t\t\t\t\t\t\t\t\t\t\t\t\t\t\t\t<a href=\"https:\/\/funparkmenina.com\/de\/?page_id=3204\">\n\t\t\t\t\t\t\t<img fetchpriority=\"high\" decoding=\"async\" width=\"669\" height=\"650\" src=\"https:\/\/funparkmenina.com\/wp-content\/uploads\/2024\/05\/FREERIVERSFUND.png\" class=\"attachment-large size-large wp-image-2620\" alt=\"\" srcset=\"https:\/\/funparkmenina.com\/wp-content\/uploads\/2024\/05\/FREERIVERSFUND.png 669w, https:\/\/funparkmenina.com\/wp-content\/uploads\/2024\/05\/FREERIVERSFUND-300x291.png 300w, https:\/\/funparkmenina.com\/wp-content\/uploads\/2024\/05\/FREERIVERSFUND-600x583.png 600w\" sizes=\"(max-width: 669px) 100vw, 669px\" \/>\t\t\t\t\t\t\t\t<\/a>\n\t\t\t\t\t\t\t\t\t\t\t\t\t\t\t<\/div>\n\t\t\t\t<\/div>\n\t\t\t\t<div class=\"elementor-element elementor-element-45a1ca4 elementor-widget__width-initial elementor-widget elementor-widget-image\" data-id=\"45a1ca4\" data-element_type=\"widget\" data-e-type=\"widget\" data-widget_type=\"image.default\">\n\t\t\t\t<div class=\"elementor-widget-container\">\n\t\t\t\t\t\t\t\t\t\t\t\t\t\t\t\t<a href=\"https:\/\/funparkmenina.com\/balkan-river-defence\/\">\n\t\t\t\t\t\t\t<img loading=\"lazy\" decoding=\"async\" width=\"277\" height=\"473\" src=\"https:\/\/funparkmenina.com\/wp-content\/uploads\/2024\/05\/BALKANRIVERDEFENCE.png\" class=\"attachment-large size-large wp-image-2617\" alt=\"\" srcset=\"https:\/\/funparkmenina.com\/wp-content\/uploads\/2024\/05\/BALKANRIVERDEFENCE.png 277w, https:\/\/funparkmenina.com\/wp-content\/uploads\/2024\/05\/BALKANRIVERDEFENCE-176x300.png 176w\" sizes=\"(max-width: 277px) 100vw, 277px\" \/>\t\t\t\t\t\t\t\t<\/a>\n\t\t\t\t\t\t\t\t\t\t\t\t\t\t\t<\/div>\n\t\t\t\t<\/div>\n\t\t\t\t\t<\/div>\n\t\t\t\t<\/div>\n\t\t\t\t<div class=\"elementor-element elementor-element-5a63643b elementor-widget elementor-widget-html\" data-id=\"5a63643b\" data-element_type=\"widget\" data-e-type=\"widget\" data-widget_type=\"html.default\">\n\t\t\t\t<div class=\"elementor-widget-container\">\n\t\t\t\t\t<iframe src=\"https:\/\/www.google.com\/maps\/embed?pb=!1m18!1m12!1m3!1d2755.913675442593!2d14.906653377394122!3d46.31155187650331!2m3!1f0!2f0!3f0!3m2!1i1024!2i768!4f13.1!3m3!1m2!1s0x476544b2efc3c539%3A0xaf923350328266fe!2sFunpark%20Menina!5e0!3m2!1ssl!2ssi!4v1713349135643!5m2!1ssl!2ssi\" height=\"550\" style=\"border:0; display:block;\" allowfullscreen=\"\" loading=\"lazy\" referrerpolicy=\"no-referrer-when-downgrade\"><\/iframe>\t\t\t\t<\/div>\n\t\t\t\t<\/div>\n\t\t\t\t<\/div>\n\t\t\t\t<\/div>\n\t\t","protected":false},"excerpt":{"rendered":"<p>Fonds f\u00fcr freie Fl\u00fcsse &#8211; 2020 Unsere Idee des Umweltschutzes stammt aus dem Oberen Savinja-Tal. Als Outdoor-Organisation sind wir uns unserer Auswirkungen auf die Umwelt bewusst. Wir haben die Verantwortung, die Natur in ihrer urspr\u00fcnglichen und reinen Form zu erhalten und zu pflegen. Wir glauben an &#8211; ein besseres Morgen &#8211; deshalb arbeiten wir jedes [&hellip;]<\/p>\n","protected":false},"author":1,"featured_media":0,"parent":0,"menu_order":0,"comment_status":"closed","ping_status":"closed","template":"elementor_header_footer","meta":{"footnotes":""},"class_list":["post-3204","page","type-page","status-publish","hentry"],"yoast_head":"<!-- This site is optimized with the Yoast SEO plugin v27.0 - https:\/\/yoast.com\/product\/yoast-seo-wordpress\/ -->\n<title>Fonds f\u00fcr freie Fl\u00fcsse - Fun Park Menina<\/title>\n<meta name=\"robots\" content=\"index, follow, max-snippet:-1, max-image-preview:large, max-video-preview:-1\" \/>\n<link rel=\"canonical\" href=\"https:\/\/funparkmenina.com\/de\/fonds-fuer-freie-fluesse\/\" \/>\n<meta property=\"og:locale\" content=\"de_DE\" \/>\n<meta property=\"og:type\" content=\"article\" \/>\n<meta property=\"og:title\" content=\"Fonds f\u00fcr freie Fl\u00fcsse - Fun Park Menina\" \/>\n<meta property=\"og:description\" content=\"Fonds f\u00fcr freie Fl\u00fcsse &#8211; 2020 Unsere Idee des Umweltschutzes stammt aus dem Oberen Savinja-Tal. Als Outdoor-Organisation sind wir uns unserer Auswirkungen auf die Umwelt bewusst. Wir haben die Verantwortung, die Natur in ihrer urspr\u00fcnglichen und reinen Form zu erhalten und zu pflegen. Wir glauben an &#8211; ein besseres Morgen &#8211; deshalb arbeiten wir jedes [&hellip;]\" \/>\n<meta property=\"og:url\" content=\"https:\/\/funparkmenina.com\/de\/fonds-fuer-freie-fluesse\/\" \/>\n<meta property=\"og:site_name\" content=\"Fun Park Menina\" \/>\n<meta property=\"article:publisher\" content=\"https:\/\/www.facebook.com\/campingmenina\" \/>\n<meta property=\"article:modified_time\" content=\"2024-06-06T08:39:53+00:00\" \/>\n<meta property=\"og:image\" content=\"https:\/\/funparkmenina.com\/wp-content\/uploads\/2024\/05\/FREERIVERSFUND.png\" \/>\n<meta name=\"twitter:card\" content=\"summary_large_image\" \/>\n<meta name=\"twitter:label1\" content=\"Gesch\u00e4tzte Lesezeit\" \/>\n\t<meta name=\"twitter:data1\" content=\"1\u00a0Minute\" \/>\n<script type=\"application\/ld+json\" class=\"yoast-schema-graph\">{\"@context\":\"https:\/\/schema.org\",\"@graph\":[{\"@type\":\"WebPage\",\"@id\":\"https:\/\/funparkmenina.com\/de\/fonds-fuer-freie-fluesse\/\",\"url\":\"https:\/\/funparkmenina.com\/de\/fonds-fuer-freie-fluesse\/\",\"name\":\"Fonds f\u00fcr freie Fl\u00fcsse - Fun Park Menina\",\"isPartOf\":{\"@id\":\"https:\/\/funparkmenina.com\/#website\"},\"primaryImageOfPage\":{\"@id\":\"https:\/\/funparkmenina.com\/de\/fonds-fuer-freie-fluesse\/#primaryimage\"},\"image\":{\"@id\":\"https:\/\/funparkmenina.com\/de\/fonds-fuer-freie-fluesse\/#primaryimage\"},\"thumbnailUrl\":\"https:\/\/funparkmenina.com\/wp-content\/uploads\/2024\/05\/FREERIVERSFUND.png\",\"datePublished\":\"2024-05-21T07:59:30+00:00\",\"dateModified\":\"2024-06-06T08:39:53+00:00\",\"breadcrumb\":{\"@id\":\"https:\/\/funparkmenina.com\/de\/fonds-fuer-freie-fluesse\/#breadcrumb\"},\"inLanguage\":\"de\",\"potentialAction\":[{\"@type\":\"ReadAction\",\"target\":[\"https:\/\/funparkmenina.com\/de\/fonds-fuer-freie-fluesse\/\"]}]},{\"@type\":\"ImageObject\",\"inLanguage\":\"de\",\"@id\":\"https:\/\/funparkmenina.com\/de\/fonds-fuer-freie-fluesse\/#primaryimage\",\"url\":\"https:\/\/funparkmenina.com\/wp-content\/uploads\/2024\/05\/FREERIVERSFUND.png\",\"contentUrl\":\"https:\/\/funparkmenina.com\/wp-content\/uploads\/2024\/05\/FREERIVERSFUND.png\"},{\"@type\":\"BreadcrumbList\",\"@id\":\"https:\/\/funparkmenina.com\/de\/fonds-fuer-freie-fluesse\/#breadcrumb\",\"itemListElement\":[{\"@type\":\"ListItem\",\"position\":1,\"name\":\"Home\",\"item\":\"https:\/\/funparkmenina.com\/\"},{\"@type\":\"ListItem\",\"position\":2,\"name\":\"Fonds f\u00fcr freie Fl\u00fcsse\"}]},{\"@type\":\"WebSite\",\"@id\":\"https:\/\/funparkmenina.com\/#website\",\"url\":\"https:\/\/funparkmenina.com\/\",\"name\":\"Fun Park Menina\",\"description\":\"\",\"publisher\":{\"@id\":\"https:\/\/funparkmenina.com\/#organization\"},\"potentialAction\":[{\"@type\":\"SearchAction\",\"target\":{\"@type\":\"EntryPoint\",\"urlTemplate\":\"https:\/\/funparkmenina.com\/?s={search_term_string}\"},\"query-input\":{\"@type\":\"PropertyValueSpecification\",\"valueRequired\":true,\"valueName\":\"search_term_string\"}}],\"inLanguage\":\"de\"},{\"@type\":\"Organization\",\"@id\":\"https:\/\/funparkmenina.com\/#organization\",\"name\":\"Fun Park Menina\",\"url\":\"https:\/\/funparkmenina.com\/\",\"logo\":{\"@type\":\"ImageObject\",\"inLanguage\":\"de\",\"@id\":\"https:\/\/funparkmenina.com\/#\/schema\/logo\/image\/\",\"url\":\"https:\/\/funparkmenina.com\/wp-content\/uploads\/2024\/04\/funParkMenina-logo.svg\",\"contentUrl\":\"https:\/\/funparkmenina.com\/wp-content\/uploads\/2024\/04\/funParkMenina-logo.svg\",\"width\":50,\"height\":35,\"caption\":\"Fun Park Menina\"},\"image\":{\"@id\":\"https:\/\/funparkmenina.com\/#\/schema\/logo\/image\/\"},\"sameAs\":[\"https:\/\/www.facebook.com\/campingmenina\",\"https:\/\/www.instagram.com\/campingmenina\/\",\"https:\/\/www.tripadvisor.com\/Hotel_Review-g3207627-d7153990-Reviews-Camping_Menina-Ljubno_Styria_Region.html?m=19905\",\"https:\/\/www.youtube.com\/channel\/UCwW3NXEpx6yvGZdbwv5P2yw\"]}]}<\/script>\n<!-- \/ Yoast SEO plugin. -->","yoast_head_json":{"title":"Fonds f\u00fcr freie Fl\u00fcsse - Fun Park Menina","robots":{"index":"index","follow":"follow","max-snippet":"max-snippet:-1","max-image-preview":"max-image-preview:large","max-video-preview":"max-video-preview:-1"},"canonical":"https:\/\/funparkmenina.com\/de\/fonds-fuer-freie-fluesse\/","og_locale":"de_DE","og_type":"article","og_title":"Fonds f\u00fcr freie Fl\u00fcsse - Fun Park Menina","og_description":"Fonds f\u00fcr freie Fl\u00fcsse &#8211; 2020 Unsere Idee des Umweltschutzes stammt aus dem Oberen Savinja-Tal. Als Outdoor-Organisation sind wir uns unserer Auswirkungen auf die Umwelt bewusst. Wir haben die Verantwortung, die Natur in ihrer urspr\u00fcnglichen und reinen Form zu erhalten und zu pflegen. Wir glauben an &#8211; ein besseres Morgen &#8211; deshalb arbeiten wir jedes [&hellip;]","og_url":"https:\/\/funparkmenina.com\/de\/fonds-fuer-freie-fluesse\/","og_site_name":"Fun Park Menina","article_publisher":"https:\/\/www.facebook.com\/campingmenina","article_modified_time":"2024-06-06T08:39:53+00:00","og_image":[{"url":"https:\/\/funparkmenina.com\/wp-content\/uploads\/2024\/05\/FREERIVERSFUND.png","type":"","width":"","height":""}],"twitter_card":"summary_large_image","twitter_misc":{"Gesch\u00e4tzte Lesezeit":"1\u00a0Minute"},"schema":{"@context":"https:\/\/schema.org","@graph":[{"@type":"WebPage","@id":"https:\/\/funparkmenina.com\/de\/fonds-fuer-freie-fluesse\/","url":"https:\/\/funparkmenina.com\/de\/fonds-fuer-freie-fluesse\/","name":"Fonds f\u00fcr freie Fl\u00fcsse - Fun Park Menina","isPartOf":{"@id":"https:\/\/funparkmenina.com\/#website"},"primaryImageOfPage":{"@id":"https:\/\/funparkmenina.com\/de\/fonds-fuer-freie-fluesse\/#primaryimage"},"image":{"@id":"https:\/\/funparkmenina.com\/de\/fonds-fuer-freie-fluesse\/#primaryimage"},"thumbnailUrl":"https:\/\/funparkmenina.com\/wp-content\/uploads\/2024\/05\/FREERIVERSFUND.png","datePublished":"2024-05-21T07:59:30+00:00","dateModified":"2024-06-06T08:39:53+00:00","breadcrumb":{"@id":"https:\/\/funparkmenina.com\/de\/fonds-fuer-freie-fluesse\/#breadcrumb"},"inLanguage":"de","potentialAction":[{"@type":"ReadAction","target":["https:\/\/funparkmenina.com\/de\/fonds-fuer-freie-fluesse\/"]}]},{"@type":"ImageObject","inLanguage":"de","@id":"https:\/\/funparkmenina.com\/de\/fonds-fuer-freie-fluesse\/#primaryimage","url":"https:\/\/funparkmenina.com\/wp-content\/uploads\/2024\/05\/FREERIVERSFUND.png","contentUrl":"https:\/\/funparkmenina.com\/wp-content\/uploads\/2024\/05\/FREERIVERSFUND.png"},{"@type":"BreadcrumbList","@id":"https:\/\/funparkmenina.com\/de\/fonds-fuer-freie-fluesse\/#breadcrumb","itemListElement":[{"@type":"ListItem","position":1,"name":"Home","item":"https:\/\/funparkmenina.com\/"},{"@type":"ListItem","position":2,"name":"Fonds f\u00fcr freie Fl\u00fcsse"}]},{"@type":"WebSite","@id":"https:\/\/funparkmenina.com\/#website","url":"https:\/\/funparkmenina.com\/","name":"Fun Park Menina","description":"","publisher":{"@id":"https:\/\/funparkmenina.com\/#organization"},"potentialAction":[{"@type":"SearchAction","target":{"@type":"EntryPoint","urlTemplate":"https:\/\/funparkmenina.com\/?s={search_term_string}"},"query-input":{"@type":"PropertyValueSpecification","valueRequired":true,"valueName":"search_term_string"}}],"inLanguage":"de"},{"@type":"Organization","@id":"https:\/\/funparkmenina.com\/#organization","name":"Fun Park Menina","url":"https:\/\/funparkmenina.com\/","logo":{"@type":"ImageObject","inLanguage":"de","@id":"https:\/\/funparkmenina.com\/#\/schema\/logo\/image\/","url":"https:\/\/funparkmenina.com\/wp-content\/uploads\/2024\/04\/funParkMenina-logo.svg","contentUrl":"https:\/\/funparkmenina.com\/wp-content\/uploads\/2024\/04\/funParkMenina-logo.svg","width":50,"height":35,"caption":"Fun Park Menina"},"image":{"@id":"https:\/\/funparkmenina.com\/#\/schema\/logo\/image\/"},"sameAs":["https:\/\/www.facebook.com\/campingmenina","https:\/\/www.instagram.com\/campingmenina\/","https:\/\/www.tripadvisor.com\/Hotel_Review-g3207627-d7153990-Reviews-Camping_Menina-Ljubno_Styria_Region.html?m=19905","https:\/\/www.youtube.com\/channel\/UCwW3NXEpx6yvGZdbwv5P2yw"]}]}},"_links":{"self":[{"href":"https:\/\/funparkmenina.com\/de\/wp-json\/wp\/v2\/pages\/3204","targetHints":{"allow":["GET"]}}],"collection":[{"href":"https:\/\/funparkmenina.com\/de\/wp-json\/wp\/v2\/pages"}],"about":[{"href":"https:\/\/funparkmenina.com\/de\/wp-json\/wp\/v2\/types\/page"}],"author":[{"embeddable":true,"href":"https:\/\/funparkmenina.com\/de\/wp-json\/wp\/v2\/users\/1"}],"replies":[{"embeddable":true,"href":"https:\/\/funparkmenina.com\/de\/wp-json\/wp\/v2\/comments?post=3204"}],"version-history":[{"count":0,"href":"https:\/\/funparkmenina.com\/de\/wp-json\/wp\/v2\/pages\/3204\/revisions"}],"wp:attachment":[{"href":"https:\/\/funparkmenina.com\/de\/wp-json\/wp\/v2\/media?parent=3204"}],"curies":[{"name":"wp","href":"https:\/\/api.w.org\/{rel}","templated":true}]}}